{"id":171,"date":"2019-07-18T15:13:44","date_gmt":"2019-07-18T13:13:44","guid":{"rendered":"http:\/\/www.cafesetthes.be\/WP\/?post_type=product&#038;p=171"},"modified":"2024-11-29T11:07:18","modified_gmt":"2024-11-29T10:07:18","slug":"171","status":"publish","type":"product","link":"https:\/\/www.cafesetthes.be\/WP\/product\/171\/","title":{"rendered":"Infusion fruit\u00e9e douce &#8220;Fruity Fig&#8221; BIO"},"content":{"rendered":"<h2>Saveur<\/h2>\n<p>Figue de Barbarie-abricot<\/p>\n<h2>Ingr\u00e9dients<\/h2>\n<p>Pomme*, coing*, cynorrhodon*, figue (figue, farine de riz)* (11%), papaye*, \u00e9corces de citron*, ar\u00f4me naturel, griotte*. *Issu de l&#8217;agriculture biologique.<\/p>\n<h2>Pr\u00e9paration<\/h2>\n<p>Dosage : 15-20g\/L<\/p>\n<p>Dur\u00e9e infusion : 10-12min.<\/p>\n<p>Temp\u00e9rature de l&#8217;eau : 100\u00b0C<\/p>\n","protected":false},"excerpt":{"rendered":"<p>Saveur Figue de Barbarie-abricot Ingr\u00e9dients Pomme*, coing*, cynorrhodon*, figue (figue, farine de riz)* (11%), papaye*, \u00e9corces de citron*, ar\u00f4me naturel, griotte*. *Issu de l&#8217;agriculture biologique. Pr\u00e9paration Dosage : 15-20g\/L Dur\u00e9e infusion : 10-12min. Temp\u00e9rature de l&#8217;eau : 100\u00b0C<\/p>\n","protected":false},"featured_media":204,"template":"","meta":{"spay_email":""},"product_cat":[34],"product_tag":[],"_links":{"self":[{"href":"https:\/\/www.cafesetthes.be\/WP\/wp-json\/wp\/v2\/product\/171"}],"collection":[{"href":"https:\/\/www.cafesetthes.be\/WP\/wp-json\/wp\/v2\/product"}],"about":[{"href":"https:\/\/www.cafesetthes.be\/WP\/wp-json\/wp\/v2\/types\/product"}],"wp:featuredmedia":[{"embeddable":true,"href":"https:\/\/www.cafesetthes.be\/WP\/wp-json\/wp\/v2\/media\/204"}],"wp:attachment":[{"href":"https:\/\/www.cafesetthes.be\/WP\/wp-json\/wp\/v2\/media?parent=171"}],"wp:term":[{"taxonomy":"product_cat","embeddable":true,"href":"https:\/\/www.cafesetthes.be\/WP\/wp-json\/wp\/v2\/product_cat?post=171"},{"taxonomy":"product_tag","embeddable":true,"href":"https:\/\/www.cafesetthes.be\/WP\/wp-json\/wp\/v2\/product_tag?post=171"}],"curies":[{"name":"wp","href":"https:\/\/api.w.org\/{rel}","templated":true}]}}