{"id":178,"date":"2019-07-18T20:36:04","date_gmt":"2019-07-18T18:36:04","guid":{"rendered":"http:\/\/www.cafesetthes.be\/WP\/?post_type=product&#038;p=178"},"modified":"2026-02-17T15:47:47","modified_gmt":"2026-02-17T14:47:47","slug":"infusion-fruitee-fruit-de-la-passion-orange","status":"publish","type":"product","link":"https:\/\/www.cafesetthes.be\/WP\/product\/infusion-fruitee-fruit-de-la-passion-orange\/","title":{"rendered":"Infusion fruit\u00e9e Fruit de la passion-orange"},"content":{"rendered":"<h2>Saveur<\/h2>\n<p>Fruit de la passion-orange<\/p>\n<h2>Ingr\u00e9dients<\/h2>\n<p>Pomme, hibiscus, papaye (papaye, sucre), cynorrhodon, \u00e9corces d&#8217;orange (6%), ar\u00f4me, morceaux d&#8217;orange (3%), passiflore (2%), fleurs d&#8217;oranger (2%).<\/p>\n<h2>Pr\u00e9paration<\/h2>\n<p>Dosage : 15-20g\/L<\/p>\n<p>Dur\u00e9e infusion : 10-12min.<\/p>\n<p>Temp\u00e9rature de l&#8217;eau : 100\u00b0C<\/p>\n","protected":false},"excerpt":{"rendered":"<p>Saveur Fruit de la passion-orange Ingr\u00e9dients Pomme, hibiscus, papaye (papaye, sucre), cynorrhodon, \u00e9corces d&#8217;orange (6%), ar\u00f4me, morceaux d&#8217;orange (3%), passiflore (2%), fleurs d&#8217;oranger (2%). Pr\u00e9paration Dosage : 15-20g\/L Dur\u00e9e infusion : 10-12min. Temp\u00e9rature de l&#8217;eau : 100\u00b0C<\/p>\n","protected":false},"featured_media":201,"template":"","meta":{"spay_email":""},"product_cat":[34],"product_tag":[],"_links":{"self":[{"href":"https:\/\/www.cafesetthes.be\/WP\/wp-json\/wp\/v2\/product\/178"}],"collection":[{"href":"https:\/\/www.cafesetthes.be\/WP\/wp-json\/wp\/v2\/product"}],"about":[{"href":"https:\/\/www.cafesetthes.be\/WP\/wp-json\/wp\/v2\/types\/product"}],"wp:featuredmedia":[{"embeddable":true,"href":"https:\/\/www.cafesetthes.be\/WP\/wp-json\/wp\/v2\/media\/201"}],"wp:attachment":[{"href":"https:\/\/www.cafesetthes.be\/WP\/wp-json\/wp\/v2\/media?parent=178"}],"wp:term":[{"taxonomy":"product_cat","embeddable":true,"href":"https:\/\/www.cafesetthes.be\/WP\/wp-json\/wp\/v2\/product_cat?post=178"},{"taxonomy":"product_tag","embeddable":true,"href":"https:\/\/www.cafesetthes.be\/WP\/wp-json\/wp\/v2\/product_tag?post=178"}],"curies":[{"name":"wp","href":"https:\/\/api.w.org\/{rel}","templated":true}]}}