{"id":185,"date":"2019-07-18T21:30:11","date_gmt":"2019-07-18T19:30:11","guid":{"rendered":"http:\/\/www.cafesetthes.be\/WP\/?post_type=product&#038;p=185"},"modified":"2024-11-29T10:37:39","modified_gmt":"2024-11-29T09:37:39","slug":"infusion-fruitee-fleche-de-cupidon-bio","status":"publish","type":"product","link":"https:\/\/www.cafesetthes.be\/WP\/product\/infusion-fruitee-fleche-de-cupidon-bio\/","title":{"rendered":"Infusion fruit\u00e9e &#8220;Fl\u00e8che de Cupidon&#8221; BIO"},"content":{"rendered":"<h2>Saveur<\/h2>\n<p>Fraise-framboise<\/p>\n<h2>Ingr\u00e9dients<\/h2>\n<p>Pomme*, hibiscus*, cynorrhodon*, datte (datte, farine de riz)*, ar\u00f4me naturel, \u00e9corces d&#8217;orange*, fraise*, framboise*. *Issu de l&#8217;agriculture biologique<\/p>\n<h2>Pr\u00e9paration<\/h2>\n<p>Dosage : 15-20g\/L<\/p>\n<p>Dur\u00e9e infusion : 10-12min.<\/p>\n<p>Temp\u00e9rature de l&#8217;eau : 100\u00b0C<\/p>\n","protected":false},"excerpt":{"rendered":"<p>Saveur Fraise-framboise Ingr\u00e9dients Pomme*, hibiscus*, cynorrhodon*, datte (datte, farine de riz)*, ar\u00f4me naturel, \u00e9corces d&#8217;orange*, fraise*, framboise*. *Issu de l&#8217;agriculture biologique Pr\u00e9paration Dosage : 15-20g\/L Dur\u00e9e infusion : 10-12min. Temp\u00e9rature de l&#8217;eau : 100\u00b0C<\/p>\n","protected":false},"featured_media":200,"template":"","meta":{"spay_email":""},"product_cat":[34],"product_tag":[],"_links":{"self":[{"href":"https:\/\/www.cafesetthes.be\/WP\/wp-json\/wp\/v2\/product\/185"}],"collection":[{"href":"https:\/\/www.cafesetthes.be\/WP\/wp-json\/wp\/v2\/product"}],"about":[{"href":"https:\/\/www.cafesetthes.be\/WP\/wp-json\/wp\/v2\/types\/product"}],"wp:featuredmedia":[{"embeddable":true,"href":"https:\/\/www.cafesetthes.be\/WP\/wp-json\/wp\/v2\/media\/200"}],"wp:attachment":[{"href":"https:\/\/www.cafesetthes.be\/WP\/wp-json\/wp\/v2\/media?parent=185"}],"wp:term":[{"taxonomy":"product_cat","embeddable":true,"href":"https:\/\/www.cafesetthes.be\/WP\/wp-json\/wp\/v2\/product_cat?post=185"},{"taxonomy":"product_tag","embeddable":true,"href":"https:\/\/www.cafesetthes.be\/WP\/wp-json\/wp\/v2\/product_tag?post=185"}],"curies":[{"name":"wp","href":"https:\/\/api.w.org\/{rel}","templated":true}]}}