{"id":188,"date":"2019-07-18T21:35:49","date_gmt":"2019-07-18T19:35:49","guid":{"rendered":"http:\/\/www.cafesetthes.be\/WP\/?post_type=product&#038;p=188"},"modified":"2025-05-21T23:06:58","modified_gmt":"2025-05-21T21:06:58","slug":"tisane-good-morning-bio","status":"publish","type":"product","link":"https:\/\/www.cafesetthes.be\/WP\/product\/tisane-good-morning-bio\/","title":{"rendered":"Tisane &#8220;Good Morning&#8221; BIO"},"content":{"rendered":"<h2>Saveur<\/h2>\n<p>Fleurs de sureau<\/p>\n<h2>Ingr\u00e9dients<\/h2>\n<p>Pomme*, feuilles de m\u00fbre*, cynorrhodon*, m\u00e9lisse*, carotte*, ar\u00f4me naturel, baies de sureau*, feuilles de verveine*, fleurs de sureau*, myrte citronn\u00e9e*, racine de berb\u00e9ris*, camomille*, oseille*, p\u00e9tales de rose*, reine des pr\u00e9s*, mauve*. *Issu de l&#8217;agriculture biologique<\/p>\n<h2>Pr\u00e9paration<\/h2>\n<p>Dosage : 12-15g\/L<\/p>\n<p>Dur\u00e9e infusion : 7-10min.<\/p>\n<p>Temp\u00e9rature de l&#8217;eau : 100\u00b0C<\/p>\n","protected":false},"excerpt":{"rendered":"<p>Saveur Fleurs de sureau Ingr\u00e9dients Pomme*, feuilles de m\u00fbre*, cynorrhodon*, m\u00e9lisse*, carotte*, ar\u00f4me naturel, baies de sureau*, feuilles de verveine*, fleurs de sureau*, myrte citronn\u00e9e*, racine de berb\u00e9ris*, camomille*, oseille*, p\u00e9tales de rose*, reine des pr\u00e9s*, mauve*. *Issu de l&#8217;agriculture biologique Pr\u00e9paration Dosage : 12-15g\/L Dur\u00e9e infusion : 7-10min. Temp\u00e9rature de l&#8217;eau : 100\u00b0C<\/p>\n","protected":false},"featured_media":211,"template":"","meta":{"spay_email":""},"product_cat":[33],"product_tag":[],"_links":{"self":[{"href":"https:\/\/www.cafesetthes.be\/WP\/wp-json\/wp\/v2\/product\/188"}],"collection":[{"href":"https:\/\/www.cafesetthes.be\/WP\/wp-json\/wp\/v2\/product"}],"about":[{"href":"https:\/\/www.cafesetthes.be\/WP\/wp-json\/wp\/v2\/types\/product"}],"wp:featuredmedia":[{"embeddable":true,"href":"https:\/\/www.cafesetthes.be\/WP\/wp-json\/wp\/v2\/media\/211"}],"wp:attachment":[{"href":"https:\/\/www.cafesetthes.be\/WP\/wp-json\/wp\/v2\/media?parent=188"}],"wp:term":[{"taxonomy":"product_cat","embeddable":true,"href":"https:\/\/www.cafesetthes.be\/WP\/wp-json\/wp\/v2\/product_cat?post=188"},{"taxonomy":"product_tag","embeddable":true,"href":"https:\/\/www.cafesetthes.be\/WP\/wp-json\/wp\/v2\/product_tag?post=188"}],"curies":[{"name":"wp","href":"https:\/\/api.w.org\/{rel}","templated":true}]}}