{"id":190,"date":"2019-07-18T21:41:59","date_gmt":"2019-07-18T19:41:59","guid":{"rendered":"http:\/\/www.cafesetthes.be\/WP\/?post_type=product&#038;p=190"},"modified":"2025-06-16T15:43:22","modified_gmt":"2025-06-16T13:43:22","slug":"infusion-fruitee-douce-funky-flower-bio","status":"publish","type":"product","link":"https:\/\/www.cafesetthes.be\/WP\/product\/infusion-fruitee-douce-funky-flower-bio\/","title":{"rendered":"Infusion fruit\u00e9e douce &#8220;Funky Flower&#8221; BIO"},"content":{"rendered":"<h2>Saveur<\/h2>\n<p>Orange sanguine-grenade<\/p>\n<h2>Ingr\u00e9dients<\/h2>\n<p>Coing*, datte (datte, farine de riz)*, pomme*, figue (figue, farine de riz)*, raisin (raisin, huile v\u00e9g\u00e9tale)*, \u00e9corces d&#8217;orange*, ar\u00f4me naturel, morceaux de pommes*, grenade*, cardamome*, baies de goji*, fraise*, aronia*, lavande*, fleurs de souci*, mauve*, fleurs de bleuet*, p\u00e9tales de rose*, fleurs de sureau*, fleurs d&#8217;immortelle*. *Issu de l&#8217;agriculture biologique<\/p>\n<h2>Pr\u00e9paration<\/h2>\n<p>Dosage : 20g\/L<\/p>\n<p>Dur\u00e9e infusion : 15-30min.<\/p>\n<p>Temp\u00e9rature de l&#8217;eau : 100\u00b0C<\/p>\n","protected":false},"excerpt":{"rendered":"<p>Saveur Orange sanguine-grenade Ingr\u00e9dients Coing*, datte (datte, farine de riz)*, pomme*, figue (figue, farine de riz)*, raisin (raisin, huile v\u00e9g\u00e9tale)*, \u00e9corces d&#8217;orange*, ar\u00f4me naturel, morceaux de pommes*, grenade*, cardamome*, baies de goji*, fraise*, aronia*, lavande*, fleurs de souci*, mauve*, fleurs de bleuet*, p\u00e9tales de rose*, fleurs de sureau*, fleurs d&#8217;immortelle*. *Issu de l&#8217;agriculture biologique Pr\u00e9paration [&hellip;]<\/p>\n","protected":false},"featured_media":198,"template":"","meta":{"spay_email":""},"product_cat":[34],"product_tag":[],"_links":{"self":[{"href":"https:\/\/www.cafesetthes.be\/WP\/wp-json\/wp\/v2\/product\/190"}],"collection":[{"href":"https:\/\/www.cafesetthes.be\/WP\/wp-json\/wp\/v2\/product"}],"about":[{"href":"https:\/\/www.cafesetthes.be\/WP\/wp-json\/wp\/v2\/types\/product"}],"wp:featuredmedia":[{"embeddable":true,"href":"https:\/\/www.cafesetthes.be\/WP\/wp-json\/wp\/v2\/media\/198"}],"wp:attachment":[{"href":"https:\/\/www.cafesetthes.be\/WP\/wp-json\/wp\/v2\/media?parent=190"}],"wp:term":[{"taxonomy":"product_cat","embeddable":true,"href":"https:\/\/www.cafesetthes.be\/WP\/wp-json\/wp\/v2\/product_cat?post=190"},{"taxonomy":"product_tag","embeddable":true,"href":"https:\/\/www.cafesetthes.be\/WP\/wp-json\/wp\/v2\/product_tag?post=190"}],"curies":[{"name":"wp","href":"https:\/\/api.w.org\/{rel}","templated":true}]}}