{"id":191,"date":"2019-07-18T22:01:54","date_gmt":"2019-07-18T20:01:54","guid":{"rendered":"http:\/\/www.cafesetthes.be\/WP\/?post_type=product&#038;p=191"},"modified":"2025-08-09T15:17:43","modified_gmt":"2025-08-09T13:17:43","slug":"tisane-ayurvedique","status":"publish","type":"product","link":"https:\/\/www.cafesetthes.be\/WP\/product\/tisane-ayurvedique\/","title":{"rendered":"Tisane Ayurv\u00e9dique &#8211; &#8220;Paix int\u00e9rieure&#8221;"},"content":{"rendered":"<h2>Saveur<\/h2>\n<p>Non aromatis\u00e9<\/p>\n<h2>Ingr\u00e9dients<\/h2>\n<p>Fenouil, menthe, morceaux de cannelle, gingembre, hibiscus, r\u00e9glisse, \u00e9corces d&#8217;orange, camomille, clous de girofle, poivre rose, cardamome.<\/p>\n<h2>Pr\u00e9paration<\/h2>\n<p>Dosage : 12-15g\/L<\/p>\n<p>Dur\u00e9e infusion : 5-10min.<\/p>\n<p>Temp\u00e9rature de l&#8217;eau : 100\u00b0C<\/p>\n","protected":false},"excerpt":{"rendered":"<p>Saveur Non aromatis\u00e9 Ingr\u00e9dients Fenouil, menthe, morceaux de cannelle, gingembre, hibiscus, r\u00e9glisse, \u00e9corces d&#8217;orange, camomille, clous de girofle, poivre rose, cardamome. Pr\u00e9paration Dosage : 12-15g\/L Dur\u00e9e infusion : 5-10min. Temp\u00e9rature de l&#8217;eau : 100\u00b0C<\/p>\n","protected":false},"featured_media":207,"template":"","meta":{"spay_email":""},"product_cat":[33],"product_tag":[],"_links":{"self":[{"href":"https:\/\/www.cafesetthes.be\/WP\/wp-json\/wp\/v2\/product\/191"}],"collection":[{"href":"https:\/\/www.cafesetthes.be\/WP\/wp-json\/wp\/v2\/product"}],"about":[{"href":"https:\/\/www.cafesetthes.be\/WP\/wp-json\/wp\/v2\/types\/product"}],"wp:featuredmedia":[{"embeddable":true,"href":"https:\/\/www.cafesetthes.be\/WP\/wp-json\/wp\/v2\/media\/207"}],"wp:attachment":[{"href":"https:\/\/www.cafesetthes.be\/WP\/wp-json\/wp\/v2\/media?parent=191"}],"wp:term":[{"taxonomy":"product_cat","embeddable":true,"href":"https:\/\/www.cafesetthes.be\/WP\/wp-json\/wp\/v2\/product_cat?post=191"},{"taxonomy":"product_tag","embeddable":true,"href":"https:\/\/www.cafesetthes.be\/WP\/wp-json\/wp\/v2\/product_tag?post=191"}],"curies":[{"name":"wp","href":"https:\/\/api.w.org\/{rel}","templated":true}]}}