{"id":192,"date":"2019-07-18T22:03:03","date_gmt":"2019-07-18T20:03:03","guid":{"rendered":"http:\/\/www.cafesetthes.be\/WP\/?post_type=product&#038;p=192"},"modified":"2026-01-14T14:52:00","modified_gmt":"2026-01-14T13:52:00","slug":"tisane-ayurvedique-bio","status":"publish","type":"product","link":"https:\/\/www.cafesetthes.be\/WP\/product\/tisane-ayurvedique-bio\/","title":{"rendered":"Tisane Ayurv\u00e9dique BIO &#8211; &#8220;Sans soucis&#8221;"},"content":{"rendered":"<h2>Saveur<\/h2>\n<p>Non aromatis\u00e9<\/p>\n<h2>Ingr\u00e9dients<\/h2>\n<p>Pomme*, citronnelle*, fenouil*, carvi*, m\u00e9lisse*, f\u00e8ves de cacao concass\u00e9es*, camomille*, aronia*, fleurs de bleuet*, tulsi*, \u00e9chinac\u00e9e pourpre*. *Issu de l&#8217;agriculture biologique<\/p>\n<h2>Pr\u00e9paration<\/h2>\n<p>Dosage : 15-20g\/L<\/p>\n<p>Dur\u00e9e infusion : 7-10min.<\/p>\n<p>Temp\u00e9rature de l&#8217;eau : 100\u00b0C<\/p>\n","protected":false},"excerpt":{"rendered":"<p>Saveur Non aromatis\u00e9 Ingr\u00e9dients Pomme*, citronnelle*, fenouil*, carvi*, m\u00e9lisse*, f\u00e8ves de cacao concass\u00e9es*, camomille*, aronia*, fleurs de bleuet*, tulsi*, \u00e9chinac\u00e9e pourpre*. *Issu de l&#8217;agriculture biologique Pr\u00e9paration Dosage : 15-20g\/L Dur\u00e9e infusion : 7-10min. Temp\u00e9rature de l&#8217;eau : 100\u00b0C<\/p>\n","protected":false},"featured_media":206,"template":"","meta":{"spay_email":""},"product_cat":[33],"product_tag":[],"_links":{"self":[{"href":"https:\/\/www.cafesetthes.be\/WP\/wp-json\/wp\/v2\/product\/192"}],"collection":[{"href":"https:\/\/www.cafesetthes.be\/WP\/wp-json\/wp\/v2\/product"}],"about":[{"href":"https:\/\/www.cafesetthes.be\/WP\/wp-json\/wp\/v2\/types\/product"}],"wp:featuredmedia":[{"embeddable":true,"href":"https:\/\/www.cafesetthes.be\/WP\/wp-json\/wp\/v2\/media\/206"}],"wp:attachment":[{"href":"https:\/\/www.cafesetthes.be\/WP\/wp-json\/wp\/v2\/media?parent=192"}],"wp:term":[{"taxonomy":"product_cat","embeddable":true,"href":"https:\/\/www.cafesetthes.be\/WP\/wp-json\/wp\/v2\/product_cat?post=192"},{"taxonomy":"product_tag","embeddable":true,"href":"https:\/\/www.cafesetthes.be\/WP\/wp-json\/wp\/v2\/product_tag?post=192"}],"curies":[{"name":"wp","href":"https:\/\/api.w.org\/{rel}","templated":true}]}}