{"id":193,"date":"2019-07-18T22:04:29","date_gmt":"2019-07-18T20:04:29","guid":{"rendered":"http:\/\/www.cafesetthes.be\/WP\/?post_type=product&#038;p=193"},"modified":"2025-06-02T22:25:21","modified_gmt":"2025-06-02T20:25:21","slug":"tisane-the-amincissant-bio","status":"publish","type":"product","link":"https:\/\/www.cafesetthes.be\/WP\/product\/tisane-the-amincissant-bio\/","title":{"rendered":"Tisane &#8220;Th\u00e9 amincissant&#8221; BIO"},"content":{"rendered":"<h2>Saveur<\/h2>\n<p>Pamplemousse-gingembre<\/p>\n<h2>Ingr\u00e9dients<\/h2>\n<p>Th\u00e9 vert China Chun Mee* (49%), mat\u00e9 vert*, gingembre*, ortie*, ar\u00f4me naturel de pamplemousse, th\u00e9 blanc Pai Mu Tan* (3%), th\u00e9 vert Darjeeling OP* (3%), China Oolong* (2%), tulsi*, dent-de-lion*, rooibos vert*, feuilles de m\u00fbre*, p\u00e9tales de rose*. *Issu de l&#8217;agriculture biologique<\/p>\n<h2>Pr\u00e9paration<\/h2>\n<p>Dosage : 15-20g\/L<\/p>\n<p>Dur\u00e9e infusion : 7-10min.<\/p>\n<p>Temp\u00e9rature de l&#8217;eau : 100\u00b0C<\/p>\n","protected":false},"excerpt":{"rendered":"<p>Saveur Pamplemousse-gingembre Ingr\u00e9dients Th\u00e9 vert China Chun Mee* (49%), mat\u00e9 vert*, gingembre*, ortie*, ar\u00f4me naturel de pamplemousse, th\u00e9 blanc Pai Mu Tan* (3%), th\u00e9 vert Darjeeling OP* (3%), China Oolong* (2%), tulsi*, dent-de-lion*, rooibos vert*, feuilles de m\u00fbre*, p\u00e9tales de rose*. *Issu de l&#8217;agriculture biologique Pr\u00e9paration Dosage : 15-20g\/L Dur\u00e9e infusion : 7-10min. Temp\u00e9rature de [&hellip;]<\/p>\n","protected":false},"featured_media":216,"template":"","meta":{"spay_email":""},"product_cat":[33],"product_tag":[],"_links":{"self":[{"href":"https:\/\/www.cafesetthes.be\/WP\/wp-json\/wp\/v2\/product\/193"}],"collection":[{"href":"https:\/\/www.cafesetthes.be\/WP\/wp-json\/wp\/v2\/product"}],"about":[{"href":"https:\/\/www.cafesetthes.be\/WP\/wp-json\/wp\/v2\/types\/product"}],"wp:featuredmedia":[{"embeddable":true,"href":"https:\/\/www.cafesetthes.be\/WP\/wp-json\/wp\/v2\/media\/216"}],"wp:attachment":[{"href":"https:\/\/www.cafesetthes.be\/WP\/wp-json\/wp\/v2\/media?parent=193"}],"wp:term":[{"taxonomy":"product_cat","embeddable":true,"href":"https:\/\/www.cafesetthes.be\/WP\/wp-json\/wp\/v2\/product_cat?post=193"},{"taxonomy":"product_tag","embeddable":true,"href":"https:\/\/www.cafesetthes.be\/WP\/wp-json\/wp\/v2\/product_tag?post=193"}],"curies":[{"name":"wp","href":"https:\/\/api.w.org\/{rel}","templated":true}]}}