{"id":194,"date":"2019-07-18T22:06:08","date_gmt":"2019-07-18T20:06:08","guid":{"rendered":"http:\/\/www.cafesetthes.be\/WP\/?post_type=product&#038;p=194"},"modified":"2026-01-14T14:51:51","modified_gmt":"2026-01-14T13:51:51","slug":"tisane-infusion-aux-herbes-pour-le-soir-bio","status":"publish","type":"product","link":"https:\/\/www.cafesetthes.be\/WP\/product\/tisane-infusion-aux-herbes-pour-le-soir-bio\/","title":{"rendered":"Tisane &#8220;Infusion aux herbes pour le soir&#8221; BIO"},"content":{"rendered":"<h2>Saveur<\/h2>\n<p>Orange-mandarine<\/p>\n<h2>Ingr\u00e9dients<\/h2>\n<p>Pomme*, verveine enti\u00e8re*, m\u00e9lisse*, ar\u00f4me naturel d&#8217;orange, \u00e9corces d&#8217;orange*, tulsi*, fleurs de souci*, huile essentielle de mandarine*, fleurs de houblon*, alch\u00e9mille*, val\u00e9riane*, sarriette*. * Issu de l\u2018agriculture biologique<\/p>\n<h2>Pr\u00e9paration<\/h2>\n<p>Dosage : 15-20g\/L<\/p>\n<p>Dur\u00e9e infusion : 7-10min.<\/p>\n<p>Temp\u00e9rature de l&#8217;eau : 100\u00b0C<\/p>\n","protected":false},"excerpt":{"rendered":"<p>Saveur Orange-mandarine Ingr\u00e9dients Pomme*, verveine enti\u00e8re*, m\u00e9lisse*, ar\u00f4me naturel d&#8217;orange, \u00e9corces d&#8217;orange*, tulsi*, fleurs de souci*, huile essentielle de mandarine*, fleurs de houblon*, alch\u00e9mille*, val\u00e9riane*, sarriette*. * Issu de l\u2018agriculture biologique Pr\u00e9paration Dosage : 15-20g\/L Dur\u00e9e infusion : 7-10min. Temp\u00e9rature de l&#8217;eau : 100\u00b0C<\/p>\n","protected":false},"featured_media":212,"template":"","meta":{"spay_email":""},"product_cat":[33],"product_tag":[],"_links":{"self":[{"href":"https:\/\/www.cafesetthes.be\/WP\/wp-json\/wp\/v2\/product\/194"}],"collection":[{"href":"https:\/\/www.cafesetthes.be\/WP\/wp-json\/wp\/v2\/product"}],"about":[{"href":"https:\/\/www.cafesetthes.be\/WP\/wp-json\/wp\/v2\/types\/product"}],"wp:featuredmedia":[{"embeddable":true,"href":"https:\/\/www.cafesetthes.be\/WP\/wp-json\/wp\/v2\/media\/212"}],"wp:attachment":[{"href":"https:\/\/www.cafesetthes.be\/WP\/wp-json\/wp\/v2\/media?parent=194"}],"wp:term":[{"taxonomy":"product_cat","embeddable":true,"href":"https:\/\/www.cafesetthes.be\/WP\/wp-json\/wp\/v2\/product_cat?post=194"},{"taxonomy":"product_tag","embeddable":true,"href":"https:\/\/www.cafesetthes.be\/WP\/wp-json\/wp\/v2\/product_tag?post=194"}],"curies":[{"name":"wp","href":"https:\/\/api.w.org\/{rel}","templated":true}]}}