{"id":218,"date":"2019-07-18T22:29:01","date_gmt":"2019-07-18T20:29:01","guid":{"rendered":"http:\/\/www.cafesetthes.be\/WP\/?post_type=product&#038;p=218"},"modified":"2026-01-14T14:51:37","modified_gmt":"2026-01-14T13:51:37","slug":"tisane-menthe-framboise-bio","status":"publish","type":"product","link":"https:\/\/www.cafesetthes.be\/WP\/product\/tisane-menthe-framboise-bio\/","title":{"rendered":"Tisane Menthe-framboise BIO"},"content":{"rendered":"<h2>Saveur<\/h2>\n<p>Menthe-framboise<\/p>\n<h2>Ingr\u00e9dients<\/h2>\n<p>Citronnelle*, menthe* (21%), rooibos naturel*, pomme*, hibiscus*, \u00e9corces de citron*, ar\u00f4me naturel de framboise, feuilles de framboisier* (3%), framboise* (2%). *Issu de l&#8217;agriculture biologique<\/p>\n<h2>Pr\u00e9paration<\/h2>\n<p>Dosage : 12-15g\/L<\/p>\n<p>Dur\u00e9e infusion : 7-10min.<\/p>\n<p>Temp\u00e9rature de l&#8217;eau : 100\u00b0C<\/p>\n","protected":false},"excerpt":{"rendered":"<p>Saveur Menthe-framboise Ingr\u00e9dients Citronnelle*, menthe* (21%), rooibos naturel*, pomme*, hibiscus*, \u00e9corces de citron*, ar\u00f4me naturel de framboise, feuilles de framboisier* (3%), framboise* (2%). *Issu de l&#8217;agriculture biologique Pr\u00e9paration Dosage : 12-15g\/L Dur\u00e9e infusion : 7-10min. Temp\u00e9rature de l&#8217;eau : 100\u00b0C<\/p>\n","protected":false},"featured_media":214,"template":"","meta":{"spay_email":""},"product_cat":[33],"product_tag":[],"_links":{"self":[{"href":"https:\/\/www.cafesetthes.be\/WP\/wp-json\/wp\/v2\/product\/218"}],"collection":[{"href":"https:\/\/www.cafesetthes.be\/WP\/wp-json\/wp\/v2\/product"}],"about":[{"href":"https:\/\/www.cafesetthes.be\/WP\/wp-json\/wp\/v2\/types\/product"}],"wp:featuredmedia":[{"embeddable":true,"href":"https:\/\/www.cafesetthes.be\/WP\/wp-json\/wp\/v2\/media\/214"}],"wp:attachment":[{"href":"https:\/\/www.cafesetthes.be\/WP\/wp-json\/wp\/v2\/media?parent=218"}],"wp:term":[{"taxonomy":"product_cat","embeddable":true,"href":"https:\/\/www.cafesetthes.be\/WP\/wp-json\/wp\/v2\/product_cat?post=218"},{"taxonomy":"product_tag","embeddable":true,"href":"https:\/\/www.cafesetthes.be\/WP\/wp-json\/wp\/v2\/product_tag?post=218"}],"curies":[{"name":"wp","href":"https:\/\/api.w.org\/{rel}","templated":true}]}}