{"id":219,"date":"2019-07-18T22:31:23","date_gmt":"2019-07-18T20:31:23","guid":{"rendered":"http:\/\/www.cafesetthes.be\/WP\/?post_type=product&#038;p=219"},"modified":"2025-05-23T11:28:05","modified_gmt":"2025-05-23T09:28:05","slug":"tisane-epicee-chai-the-noir-bio","status":"publish","type":"product","link":"https:\/\/www.cafesetthes.be\/WP\/product\/tisane-epicee-chai-the-noir-bio\/","title":{"rendered":"Tisane \u00e9pic\u00e9e Chai-th\u00e9 noir BIO"},"content":{"rendered":"<h2>Saveur<\/h2>\n<p>Non aromatis\u00e9<\/p>\n<h2>Ingr\u00e9dients<\/h2>\n<p>Th\u00e9 noir Assam*, -Inde du Sud* (54%), b\u00e2tons de cannelle*, fenouil*, gingembre*, anis*, clous de girofle*, cardamome moulue*. *Issu de l&#8217;agriculture biologique<\/p>\n<h2>Pr\u00e9paration<\/h2>\n<p>Dosage : 15-20g\/L<\/p>\n<p>Dur\u00e9e infusion : 7-10min.<\/p>\n<p>Temp\u00e9rature de l&#8217;eau : 100\u00b0C<\/p>\n","protected":false},"excerpt":{"rendered":"<p>Saveur Non aromatis\u00e9 Ingr\u00e9dients Th\u00e9 noir Assam*, -Inde du Sud* (54%), b\u00e2tons de cannelle*, fenouil*, gingembre*, anis*, clous de girofle*, cardamome moulue*. *Issu de l&#8217;agriculture biologique Pr\u00e9paration Dosage : 15-20g\/L Dur\u00e9e infusion : 7-10min. Temp\u00e9rature de l&#8217;eau : 100\u00b0C<\/p>\n","protected":false},"featured_media":210,"template":"","meta":{"spay_email":""},"product_cat":[33,23],"product_tag":[],"_links":{"self":[{"href":"https:\/\/www.cafesetthes.be\/WP\/wp-json\/wp\/v2\/product\/219"}],"collection":[{"href":"https:\/\/www.cafesetthes.be\/WP\/wp-json\/wp\/v2\/product"}],"about":[{"href":"https:\/\/www.cafesetthes.be\/WP\/wp-json\/wp\/v2\/types\/product"}],"wp:featuredmedia":[{"embeddable":true,"href":"https:\/\/www.cafesetthes.be\/WP\/wp-json\/wp\/v2\/media\/210"}],"wp:attachment":[{"href":"https:\/\/www.cafesetthes.be\/WP\/wp-json\/wp\/v2\/media?parent=219"}],"wp:term":[{"taxonomy":"product_cat","embeddable":true,"href":"https:\/\/www.cafesetthes.be\/WP\/wp-json\/wp\/v2\/product_cat?post=219"},{"taxonomy":"product_tag","embeddable":true,"href":"https:\/\/www.cafesetthes.be\/WP\/wp-json\/wp\/v2\/product_tag?post=219"}],"curies":[{"name":"wp","href":"https:\/\/api.w.org\/{rel}","templated":true}]}}