{"id":220,"date":"2019-07-18T22:33:05","date_gmt":"2019-07-18T20:33:05","guid":{"rendered":"http:\/\/www.cafesetthes.be\/WP\/?post_type=product&#038;p=220"},"modified":"2026-01-14T14:51:18","modified_gmt":"2026-01-14T13:51:18","slug":"tisane-chaiyurveda-bio","status":"publish","type":"product","link":"https:\/\/www.cafesetthes.be\/WP\/product\/tisane-chaiyurveda-bio\/","title":{"rendered":"Tisane Chaiyurveda BIO"},"content":{"rendered":"<h2>Saveur<\/h2>\n<p>Non aromatis\u00e9<\/p>\n<h2>Ingr\u00e9dients<\/h2>\n<p>Gingembre*, b\u00e2tons de cannelle*, anis*, badiane*, f\u00e8ves de cacao concass\u00e9es*, th\u00e9 noir Darjeeling second flush*, cardamome moulue*, p\u00e9tales de rose*, guarana*, chili \u00e9cras\u00e9*. *Issu de l&#8217;agriculture biologique<\/p>\n<h2>Pr\u00e9paration<\/h2>\n<p>Dosage : 20g\/L<\/p>\n<p>Dur\u00e9e infusion : 6-10min.<\/p>\n<p>Temp\u00e9rature de l&#8217;eau : 100\u00b0C<\/p>\n","protected":false},"excerpt":{"rendered":"<p>Saveur Non aromatis\u00e9 Ingr\u00e9dients Gingembre*, b\u00e2tons de cannelle*, anis*, badiane*, f\u00e8ves de cacao concass\u00e9es*, th\u00e9 noir Darjeeling second flush*, cardamome moulue*, p\u00e9tales de rose*, guarana*, chili \u00e9cras\u00e9*. *Issu de l&#8217;agriculture biologique Pr\u00e9paration Dosage : 20g\/L Dur\u00e9e infusion : 6-10min. Temp\u00e9rature de l&#8217;eau : 100\u00b0C<\/p>\n","protected":false},"featured_media":209,"template":"","meta":{"spay_email":""},"product_cat":[33],"product_tag":[],"_links":{"self":[{"href":"https:\/\/www.cafesetthes.be\/WP\/wp-json\/wp\/v2\/product\/220"}],"collection":[{"href":"https:\/\/www.cafesetthes.be\/WP\/wp-json\/wp\/v2\/product"}],"about":[{"href":"https:\/\/www.cafesetthes.be\/WP\/wp-json\/wp\/v2\/types\/product"}],"wp:featuredmedia":[{"embeddable":true,"href":"https:\/\/www.cafesetthes.be\/WP\/wp-json\/wp\/v2\/media\/209"}],"wp:attachment":[{"href":"https:\/\/www.cafesetthes.be\/WP\/wp-json\/wp\/v2\/media?parent=220"}],"wp:term":[{"taxonomy":"product_cat","embeddable":true,"href":"https:\/\/www.cafesetthes.be\/WP\/wp-json\/wp\/v2\/product_cat?post=220"},{"taxonomy":"product_tag","embeddable":true,"href":"https:\/\/www.cafesetthes.be\/WP\/wp-json\/wp\/v2\/product_tag?post=220"}],"curies":[{"name":"wp","href":"https:\/\/api.w.org\/{rel}","templated":true}]}}