{"id":234,"date":"2019-07-21T17:50:52","date_gmt":"2019-07-21T15:50:52","guid":{"rendered":"http:\/\/www.cafesetthes.be\/WP\/?post_type=product&#038;p=234"},"modified":"2026-02-17T16:25:46","modified_gmt":"2026-02-17T15:25:46","slug":"the-noir-earl-grey-deluxe-lady-star-arome-naturel","status":"publish","type":"product","link":"https:\/\/www.cafesetthes.be\/WP\/product\/the-noir-earl-grey-deluxe-lady-star-arome-naturel\/","title":{"rendered":"Th\u00e9 noir Earl Grey Deluxe lady star"},"content":{"rendered":"<h2>Saveur<\/h2>\n<p>Bergamote-agrumes<\/p>\n<h2>Ingr\u00e9dients<\/h2>\n<p>Th\u00e9 noir Ceylan, -Inde du Sud, -Chine, ar\u00f4me naturel, morceaux d&#8217;orange, fleurs de bleuet, morceaux de citron.<\/p>\n<h2>Pr\u00e9paration<\/h2>\n<p>Dosage : 12g\/L<\/p>\n<p>Dur\u00e9e infusion : 2-4min.<\/p>\n<p>Temp\u00e9rature de l&#8217;eau : 100\u00b0C<\/p>\n","protected":false},"excerpt":{"rendered":"<p>Saveur Bergamote-agrumes Ingr\u00e9dients Th\u00e9 noir Ceylan, -Inde du Sud, -Chine, ar\u00f4me naturel, morceaux d&#8217;orange, fleurs de bleuet, morceaux de citron. Pr\u00e9paration Dosage : 12g\/L Dur\u00e9e infusion : 2-4min. Temp\u00e9rature de l&#8217;eau : 100\u00b0C<\/p>\n","protected":false},"featured_media":378,"template":"","meta":{"spay_email":""},"product_cat":[23],"product_tag":[],"_links":{"self":[{"href":"https:\/\/www.cafesetthes.be\/WP\/wp-json\/wp\/v2\/product\/234"}],"collection":[{"href":"https:\/\/www.cafesetthes.be\/WP\/wp-json\/wp\/v2\/product"}],"about":[{"href":"https:\/\/www.cafesetthes.be\/WP\/wp-json\/wp\/v2\/types\/product"}],"wp:featuredmedia":[{"embeddable":true,"href":"https:\/\/www.cafesetthes.be\/WP\/wp-json\/wp\/v2\/media\/378"}],"wp:attachment":[{"href":"https:\/\/www.cafesetthes.be\/WP\/wp-json\/wp\/v2\/media?parent=234"}],"wp:term":[{"taxonomy":"product_cat","embeddable":true,"href":"https:\/\/www.cafesetthes.be\/WP\/wp-json\/wp\/v2\/product_cat?post=234"},{"taxonomy":"product_tag","embeddable":true,"href":"https:\/\/www.cafesetthes.be\/WP\/wp-json\/wp\/v2\/product_tag?post=234"}],"curies":[{"name":"wp","href":"https:\/\/api.w.org\/{rel}","templated":true}]}}