{"id":236,"date":"2019-07-21T17:53:05","date_gmt":"2019-07-21T15:53:05","guid":{"rendered":"http:\/\/www.cafesetthes.be\/WP\/?post_type=product&#038;p=236"},"modified":"2025-06-02T22:25:22","modified_gmt":"2025-06-02T20:25:22","slug":"the-noir-rose-congou","status":"publish","type":"product","link":"https:\/\/www.cafesetthes.be\/WP\/product\/the-noir-rose-congou\/","title":{"rendered":"Th\u00e9 noir Rose Congou"},"content":{"rendered":"<h2>Saveur<\/h2>\n<p>Ar\u00f4me doux et fleuri.<\/p>\n<h2>Ingr\u00e9dients<\/h2>\n<p>Raffin\u00e9 par des p\u00e9tales de rose tendres, ce th\u00e9 noir d\u00e9veloppe un ar\u00f4me doux et fleuri.<\/p>\n<h2>Pr\u00e9paration<\/h2>\n<p>Dosage : 12-15g\/L<\/p>\n<p>Dur\u00e9e infusion : 3-5min.<\/p>\n<p>Temp\u00e9rature de l&#8217;eau : 100\u00b0C<\/p>\n","protected":false},"excerpt":{"rendered":"<p>Saveur Ar\u00f4me doux et fleuri. Ingr\u00e9dients Raffin\u00e9 par des p\u00e9tales de rose tendres, ce th\u00e9 noir d\u00e9veloppe un ar\u00f4me doux et fleuri. Pr\u00e9paration Dosage : 12-15g\/L Dur\u00e9e infusion : 3-5min. Temp\u00e9rature de l&#8217;eau : 100\u00b0C<\/p>\n","protected":false},"featured_media":376,"template":"","meta":{"spay_email":""},"product_cat":[23],"product_tag":[],"_links":{"self":[{"href":"https:\/\/www.cafesetthes.be\/WP\/wp-json\/wp\/v2\/product\/236"}],"collection":[{"href":"https:\/\/www.cafesetthes.be\/WP\/wp-json\/wp\/v2\/product"}],"about":[{"href":"https:\/\/www.cafesetthes.be\/WP\/wp-json\/wp\/v2\/types\/product"}],"wp:featuredmedia":[{"embeddable":true,"href":"https:\/\/www.cafesetthes.be\/WP\/wp-json\/wp\/v2\/media\/376"}],"wp:attachment":[{"href":"https:\/\/www.cafesetthes.be\/WP\/wp-json\/wp\/v2\/media?parent=236"}],"wp:term":[{"taxonomy":"product_cat","embeddable":true,"href":"https:\/\/www.cafesetthes.be\/WP\/wp-json\/wp\/v2\/product_cat?post=236"},{"taxonomy":"product_tag","embeddable":true,"href":"https:\/\/www.cafesetthes.be\/WP\/wp-json\/wp\/v2\/product_tag?post=236"}],"curies":[{"name":"wp","href":"https:\/\/api.w.org\/{rel}","templated":true}]}}