{"id":238,"date":"2019-07-21T17:55:40","date_gmt":"2019-07-21T15:55:40","guid":{"rendered":"http:\/\/www.cafesetthes.be\/WP\/?post_type=product&#038;p=238"},"modified":"2026-02-17T16:25:33","modified_gmt":"2026-02-17T15:25:33","slug":"the-noir-english-breakfast-broken-bio","status":"publish","type":"product","link":"https:\/\/www.cafesetthes.be\/WP\/product\/the-noir-english-breakfast-broken-bio\/","title":{"rendered":"Th\u00e9 noir English Breakfast broken BIO"},"content":{"rendered":"<h2>Saveur<\/h2>\n<p>M\u00e9lange de th\u00e9s<\/p>\n<h2>Ingr\u00e9dients<\/h2>\n<p>M\u00e9lange de diff\u00e9rents th\u00e9s biologiques Assam et Ceylan. Tasse jaune dor\u00e9 caract\u00e9ris\u00e9e par une saveur tr\u00e8s aromatique. Issu de l&#8217;agriculture biologique.<\/p>\n<h2>Pr\u00e9paration<\/h2>\n<p>Dosage : 12g\/L<\/p>\n<p>Dur\u00e9e infusion : 3-5min.<\/p>\n<p>Temp\u00e9rature de l&#8217;eau : 100\u00b0C<\/p>\n","protected":false},"excerpt":{"rendered":"<p>Saveur M\u00e9lange de th\u00e9s Ingr\u00e9dients M\u00e9lange de diff\u00e9rents th\u00e9s biologiques Assam et Ceylan. Tasse jaune dor\u00e9 caract\u00e9ris\u00e9e par une saveur tr\u00e8s aromatique. Issu de l&#8217;agriculture biologique. Pr\u00e9paration Dosage : 12g\/L Dur\u00e9e infusion : 3-5min. Temp\u00e9rature de l&#8217;eau : 100\u00b0C<\/p>\n","protected":false},"featured_media":374,"template":"","meta":{"spay_email":""},"product_cat":[23],"product_tag":[],"_links":{"self":[{"href":"https:\/\/www.cafesetthes.be\/WP\/wp-json\/wp\/v2\/product\/238"}],"collection":[{"href":"https:\/\/www.cafesetthes.be\/WP\/wp-json\/wp\/v2\/product"}],"about":[{"href":"https:\/\/www.cafesetthes.be\/WP\/wp-json\/wp\/v2\/types\/product"}],"wp:featuredmedia":[{"embeddable":true,"href":"https:\/\/www.cafesetthes.be\/WP\/wp-json\/wp\/v2\/media\/374"}],"wp:attachment":[{"href":"https:\/\/www.cafesetthes.be\/WP\/wp-json\/wp\/v2\/media?parent=238"}],"wp:term":[{"taxonomy":"product_cat","embeddable":true,"href":"https:\/\/www.cafesetthes.be\/WP\/wp-json\/wp\/v2\/product_cat?post=238"},{"taxonomy":"product_tag","embeddable":true,"href":"https:\/\/www.cafesetthes.be\/WP\/wp-json\/wp\/v2\/product_tag?post=238"}],"curies":[{"name":"wp","href":"https:\/\/api.w.org\/{rel}","templated":true}]}}