{"id":239,"date":"2019-07-21T17:56:43","date_gmt":"2019-07-21T15:56:43","guid":{"rendered":"http:\/\/www.cafesetthes.be\/WP\/?post_type=product&#038;p=239"},"modified":"2026-01-14T14:50:43","modified_gmt":"2026-01-14T13:50:43","slug":"the-noir-vanille","status":"publish","type":"product","link":"https:\/\/www.cafesetthes.be\/WP\/product\/the-noir-vanille\/","title":{"rendered":"Th\u00e9 noir Vanille"},"content":{"rendered":"<h2>Saveur<\/h2>\n<p>Vanille<\/p>\n<h2>Ingr\u00e9dients<\/h2>\n<p>Th\u00e9 noir, ar\u00f4me, morceaux de vanille<\/p>\n<h2>Pr\u00e9paration<\/h2>\n<p>Dosage : 4-5 c.c.\/L<\/p>\n<p>Dur\u00e9e infusion : 3-5min.<\/p>\n<p>Temp\u00e9rature de l&#8217;eau : 100\u00b0C<\/p>\n","protected":false},"excerpt":{"rendered":"<p>Saveur Vanille Ingr\u00e9dients Th\u00e9 noir, ar\u00f4me, morceaux de vanille Pr\u00e9paration Dosage : 4-5 c.c.\/L Dur\u00e9e infusion : 3-5min. Temp\u00e9rature de l&#8217;eau : 100\u00b0C<\/p>\n","protected":false},"featured_media":498,"template":"","meta":{"spay_email":""},"product_cat":[23],"product_tag":[],"_links":{"self":[{"href":"https:\/\/www.cafesetthes.be\/WP\/wp-json\/wp\/v2\/product\/239"}],"collection":[{"href":"https:\/\/www.cafesetthes.be\/WP\/wp-json\/wp\/v2\/product"}],"about":[{"href":"https:\/\/www.cafesetthes.be\/WP\/wp-json\/wp\/v2\/types\/product"}],"wp:featuredmedia":[{"embeddable":true,"href":"https:\/\/www.cafesetthes.be\/WP\/wp-json\/wp\/v2\/media\/498"}],"wp:attachment":[{"href":"https:\/\/www.cafesetthes.be\/WP\/wp-json\/wp\/v2\/media?parent=239"}],"wp:term":[{"taxonomy":"product_cat","embeddable":true,"href":"https:\/\/www.cafesetthes.be\/WP\/wp-json\/wp\/v2\/product_cat?post=239"},{"taxonomy":"product_tag","embeddable":true,"href":"https:\/\/www.cafesetthes.be\/WP\/wp-json\/wp\/v2\/product_tag?post=239"}],"curies":[{"name":"wp","href":"https:\/\/api.w.org\/{rel}","templated":true}]}}