{"id":241,"date":"2019-07-22T09:47:55","date_gmt":"2019-07-22T07:47:55","guid":{"rendered":"http:\/\/www.cafesetthes.be\/WP\/?post_type=product&#038;p=241"},"modified":"2026-01-14T14:50:36","modified_gmt":"2026-01-14T13:50:36","slug":"the-vert-menthe-marrakesch-arome-naturel-bio","status":"publish","type":"product","link":"https:\/\/www.cafesetthes.be\/WP\/product\/the-vert-menthe-marrakesch-arome-naturel-bio\/","title":{"rendered":"Th\u00e9 vert Menthe Marrakesch BIO"},"content":{"rendered":"<h2>Saveur<\/h2>\n<p>Menthe poivr\u00e9e<\/p>\n<h2>Ingr\u00e9dients<\/h2>\n<p>Th\u00e9 vert China Gunpowder*, menthe* (8%), ar\u00f4me naturel de menthe poivr\u00e9e. *Issu de l&#8217;agriculture biologique<\/p>\n<h2>Pr\u00e9paration<\/h2>\n<p>Dosage : 12-15g\/L<\/p>\n<p>Dur\u00e9e infusion : 2-3min.<\/p>\n<p>Temp\u00e9rature de l&#8217;eau : 70-80\u00b0C<\/p>\n","protected":false},"excerpt":{"rendered":"<p>Saveur Menthe poivr\u00e9e Ingr\u00e9dients Th\u00e9 vert China Gunpowder*, menthe* (8%), ar\u00f4me naturel de menthe poivr\u00e9e. *Issu de l&#8217;agriculture biologique Pr\u00e9paration Dosage : 12-15g\/L Dur\u00e9e infusion : 2-3min. Temp\u00e9rature de l&#8217;eau : 70-80\u00b0C<\/p>\n","protected":false},"featured_media":373,"template":"","meta":{"spay_email":""},"product_cat":[24],"product_tag":[],"_links":{"self":[{"href":"https:\/\/www.cafesetthes.be\/WP\/wp-json\/wp\/v2\/product\/241"}],"collection":[{"href":"https:\/\/www.cafesetthes.be\/WP\/wp-json\/wp\/v2\/product"}],"about":[{"href":"https:\/\/www.cafesetthes.be\/WP\/wp-json\/wp\/v2\/types\/product"}],"wp:featuredmedia":[{"embeddable":true,"href":"https:\/\/www.cafesetthes.be\/WP\/wp-json\/wp\/v2\/media\/373"}],"wp:attachment":[{"href":"https:\/\/www.cafesetthes.be\/WP\/wp-json\/wp\/v2\/media?parent=241"}],"wp:term":[{"taxonomy":"product_cat","embeddable":true,"href":"https:\/\/www.cafesetthes.be\/WP\/wp-json\/wp\/v2\/product_cat?post=241"},{"taxonomy":"product_tag","embeddable":true,"href":"https:\/\/www.cafesetthes.be\/WP\/wp-json\/wp\/v2\/product_tag?post=241"}],"curies":[{"name":"wp","href":"https:\/\/api.w.org\/{rel}","templated":true}]}}