{"id":242,"date":"2019-07-22T09:49:00","date_gmt":"2019-07-22T07:49:00","guid":{"rendered":"http:\/\/www.cafesetthes.be\/WP\/?post_type=product&#038;p=242"},"modified":"2025-12-04T10:35:35","modified_gmt":"2025-12-04T09:35:35","slug":"the-vert-gingembre-citron-bio","status":"publish","type":"product","link":"https:\/\/www.cafesetthes.be\/WP\/product\/the-vert-gingembre-citron-bio\/","title":{"rendered":"Th\u00e9 vert Gingembre-citron BIO"},"content":{"rendered":"<h2>Saveur<\/h2>\n<p>Gingembre-citron<\/p>\n<h2>Ingr\u00e9dients<\/h2>\n<p>Th\u00e9 vert de Chine Sencha*, gingembre* (10%), \u00e9corces de citron* (3%), ar\u00f4me naturel, citronnelle*. *Issu de l&#8217;agriculture biologique<\/p>\n<h2>Pr\u00e9paration<\/h2>\n<p>Dosage : 12-15g\/L<\/p>\n<p>Dur\u00e9e infusion : 2-3min.<\/p>\n<p>Temp\u00e9rature de l&#8217;eau : 70-80\u00b0C<\/p>\n","protected":false},"excerpt":{"rendered":"<p>Saveur Gingembre-citron Ingr\u00e9dients Th\u00e9 vert de Chine Sencha*, gingembre* (10%), \u00e9corces de citron* (3%), ar\u00f4me naturel, citronnelle*. *Issu de l&#8217;agriculture biologique Pr\u00e9paration Dosage : 12-15g\/L Dur\u00e9e infusion : 2-3min. Temp\u00e9rature de l&#8217;eau : 70-80\u00b0C<\/p>\n","protected":false},"featured_media":372,"template":"","meta":{"spay_email":""},"product_cat":[24],"product_tag":[],"_links":{"self":[{"href":"https:\/\/www.cafesetthes.be\/WP\/wp-json\/wp\/v2\/product\/242"}],"collection":[{"href":"https:\/\/www.cafesetthes.be\/WP\/wp-json\/wp\/v2\/product"}],"about":[{"href":"https:\/\/www.cafesetthes.be\/WP\/wp-json\/wp\/v2\/types\/product"}],"wp:featuredmedia":[{"embeddable":true,"href":"https:\/\/www.cafesetthes.be\/WP\/wp-json\/wp\/v2\/media\/372"}],"wp:attachment":[{"href":"https:\/\/www.cafesetthes.be\/WP\/wp-json\/wp\/v2\/media?parent=242"}],"wp:term":[{"taxonomy":"product_cat","embeddable":true,"href":"https:\/\/www.cafesetthes.be\/WP\/wp-json\/wp\/v2\/product_cat?post=242"},{"taxonomy":"product_tag","embeddable":true,"href":"https:\/\/www.cafesetthes.be\/WP\/wp-json\/wp\/v2\/product_tag?post=242"}],"curies":[{"name":"wp","href":"https:\/\/api.w.org\/{rel}","templated":true}]}}