{"id":243,"date":"2019-07-22T09:50:04","date_gmt":"2019-07-22T07:50:04","guid":{"rendered":"http:\/\/www.cafesetthes.be\/WP\/?post_type=product&#038;p=243"},"modified":"2025-06-16T15:40:14","modified_gmt":"2025-06-16T13:40:14","slug":"the-vert-bonne-humeur","status":"publish","type":"product","link":"https:\/\/www.cafesetthes.be\/WP\/product\/the-vert-bonne-humeur\/","title":{"rendered":"Th\u00e9 vert &#8220;Bonne humeur&#8221;"},"content":{"rendered":"<h2>Saveur<\/h2>\n<p>Cerise-framboise<\/p>\n<h2>Ingr\u00e9dients<\/h2>\n<p>Th\u00e9 vert de Chine Sencha, papaye (papaye, sucre), ananas (ananas, sucre), raisin (raisin, huile v\u00e9g\u00e9tale), ar\u00f4me, fraise, p\u00e9tales de rose, framboise, cerise, bourbon vanille, griotte.<\/p>\n<h2>Pr\u00e9paration<\/h2>\n<p>Dosage : 12-15g\/L<\/p>\n<p>Dur\u00e9e infusion : 2-3min.<\/p>\n<p>Temp\u00e9rature de l&#8217;eau : 70-80\u00b0C<\/p>\n","protected":false},"excerpt":{"rendered":"<p>Saveur Cerise-framboise Ingr\u00e9dients Th\u00e9 vert de Chine Sencha, papaye (papaye, sucre), ananas (ananas, sucre), raisin (raisin, huile v\u00e9g\u00e9tale), ar\u00f4me, fraise, p\u00e9tales de rose, framboise, cerise, bourbon vanille, griotte. Pr\u00e9paration Dosage : 12-15g\/L Dur\u00e9e infusion : 2-3min. Temp\u00e9rature de l&#8217;eau : 70-80\u00b0C<\/p>\n","protected":false},"featured_media":371,"template":"","meta":{"spay_email":""},"product_cat":[24],"product_tag":[],"_links":{"self":[{"href":"https:\/\/www.cafesetthes.be\/WP\/wp-json\/wp\/v2\/product\/243"}],"collection":[{"href":"https:\/\/www.cafesetthes.be\/WP\/wp-json\/wp\/v2\/product"}],"about":[{"href":"https:\/\/www.cafesetthes.be\/WP\/wp-json\/wp\/v2\/types\/product"}],"wp:featuredmedia":[{"embeddable":true,"href":"https:\/\/www.cafesetthes.be\/WP\/wp-json\/wp\/v2\/media\/371"}],"wp:attachment":[{"href":"https:\/\/www.cafesetthes.be\/WP\/wp-json\/wp\/v2\/media?parent=243"}],"wp:term":[{"taxonomy":"product_cat","embeddable":true,"href":"https:\/\/www.cafesetthes.be\/WP\/wp-json\/wp\/v2\/product_cat?post=243"},{"taxonomy":"product_tag","embeddable":true,"href":"https:\/\/www.cafesetthes.be\/WP\/wp-json\/wp\/v2\/product_tag?post=243"}],"curies":[{"name":"wp","href":"https:\/\/api.w.org\/{rel}","templated":true}]}}