{"id":247,"date":"2019-07-22T09:55:13","date_gmt":"2019-07-22T07:55:13","guid":{"rendered":"http:\/\/www.cafesetthes.be\/WP\/?post_type=product&#038;p=247"},"modified":"2025-06-16T15:39:32","modified_gmt":"2025-06-16T13:39:32","slug":"the-vert-bon-pour-lame","status":"publish","type":"product","link":"https:\/\/www.cafesetthes.be\/WP\/product\/the-vert-bon-pour-lame\/","title":{"rendered":"Th\u00e9 vert &#8220;Bon pour l&#8217;\u00e2me&#8221;"},"content":{"rendered":"<h2>Saveur<\/h2>\n<p>Rhubarbe-grenade<\/p>\n<h2>Ingr\u00e9dients<\/h2>\n<p>Th\u00e9 vert de Chine Sencha, th\u00e9 vert China Chun Mee, citronnelle, ar\u00f4me, th\u00e9 vert Darjeeling OP, morceaux d&#8217;orange, \u00e9corces de mandarine, rhubarbe, fleurs de jasmin.<\/p>\n<h2>Pr\u00e9paration<\/h2>\n<p>Dosage : 12-15g\/L<\/p>\n<p>Dur\u00e9e infusion : 2-3min.<\/p>\n<p>Temp\u00e9rature de l&#8217;eau : 70-80\u00b0C<\/p>\n","protected":false},"excerpt":{"rendered":"<p>Saveur Rhubarbe-grenade Ingr\u00e9dients Th\u00e9 vert de Chine Sencha, th\u00e9 vert China Chun Mee, citronnelle, ar\u00f4me, th\u00e9 vert Darjeeling OP, morceaux d&#8217;orange, \u00e9corces de mandarine, rhubarbe, fleurs de jasmin. Pr\u00e9paration Dosage : 12-15g\/L Dur\u00e9e infusion : 2-3min. Temp\u00e9rature de l&#8217;eau : 70-80\u00b0C<\/p>\n","protected":false},"featured_media":367,"template":"","meta":{"spay_email":""},"product_cat":[24],"product_tag":[],"_links":{"self":[{"href":"https:\/\/www.cafesetthes.be\/WP\/wp-json\/wp\/v2\/product\/247"}],"collection":[{"href":"https:\/\/www.cafesetthes.be\/WP\/wp-json\/wp\/v2\/product"}],"about":[{"href":"https:\/\/www.cafesetthes.be\/WP\/wp-json\/wp\/v2\/types\/product"}],"wp:featuredmedia":[{"embeddable":true,"href":"https:\/\/www.cafesetthes.be\/WP\/wp-json\/wp\/v2\/media\/367"}],"wp:attachment":[{"href":"https:\/\/www.cafesetthes.be\/WP\/wp-json\/wp\/v2\/media?parent=247"}],"wp:term":[{"taxonomy":"product_cat","embeddable":true,"href":"https:\/\/www.cafesetthes.be\/WP\/wp-json\/wp\/v2\/product_cat?post=247"},{"taxonomy":"product_tag","embeddable":true,"href":"https:\/\/www.cafesetthes.be\/WP\/wp-json\/wp\/v2\/product_tag?post=247"}],"curies":[{"name":"wp","href":"https:\/\/api.w.org\/{rel}","templated":true}]}}