{"id":250,"date":"2019-07-22T09:58:40","date_gmt":"2019-07-22T07:58:40","guid":{"rendered":"http:\/\/www.cafesetthes.be\/WP\/?post_type=product&#038;p=250"},"modified":"2026-01-14T14:49:52","modified_gmt":"2026-01-14T13:49:52","slug":"the-vert-tibet-bio","status":"publish","type":"product","link":"https:\/\/www.cafesetthes.be\/WP\/product\/the-vert-tibet-bio\/","title":{"rendered":"Th\u00e9 vert &#8220;Tibet&#8221; BIO"},"content":{"rendered":"<h2>Saveur<\/h2>\n<p>Baies de goji-mandarine<\/p>\n<h2>Ingr\u00e9dients<\/h2>\n<p>Th\u00e9 vert de Chine Sencha*, baies de goji*, ar\u00f4me naturel, \u00e9corces d&#8217;orange*, p\u00e9tales de rose*, mauve*. *Issu de l&#8217;agriculture biologique<\/p>\n<h2>Pr\u00e9paration<\/h2>\n<p>Dosage : 12-15g\/L<\/p>\n<p>Dur\u00e9e infusion : 2-3min.<\/p>\n<p>Temp\u00e9rature de l&#8217;eau : 70-80\u00b0C<\/p>\n","protected":false},"excerpt":{"rendered":"<p>Saveur Baies de goji-mandarine Ingr\u00e9dients Th\u00e9 vert de Chine Sencha*, baies de goji*, ar\u00f4me naturel, \u00e9corces d&#8217;orange*, p\u00e9tales de rose*, mauve*. *Issu de l&#8217;agriculture biologique Pr\u00e9paration Dosage : 12-15g\/L Dur\u00e9e infusion : 2-3min. Temp\u00e9rature de l&#8217;eau : 70-80\u00b0C<\/p>\n","protected":false},"featured_media":364,"template":"","meta":{"spay_email":""},"product_cat":[24],"product_tag":[],"_links":{"self":[{"href":"https:\/\/www.cafesetthes.be\/WP\/wp-json\/wp\/v2\/product\/250"}],"collection":[{"href":"https:\/\/www.cafesetthes.be\/WP\/wp-json\/wp\/v2\/product"}],"about":[{"href":"https:\/\/www.cafesetthes.be\/WP\/wp-json\/wp\/v2\/types\/product"}],"wp:featuredmedia":[{"embeddable":true,"href":"https:\/\/www.cafesetthes.be\/WP\/wp-json\/wp\/v2\/media\/364"}],"wp:attachment":[{"href":"https:\/\/www.cafesetthes.be\/WP\/wp-json\/wp\/v2\/media?parent=250"}],"wp:term":[{"taxonomy":"product_cat","embeddable":true,"href":"https:\/\/www.cafesetthes.be\/WP\/wp-json\/wp\/v2\/product_cat?post=250"},{"taxonomy":"product_tag","embeddable":true,"href":"https:\/\/www.cafesetthes.be\/WP\/wp-json\/wp\/v2\/product_tag?post=250"}],"curies":[{"name":"wp","href":"https:\/\/api.w.org\/{rel}","templated":true}]}}