{"id":253,"date":"2019-07-22T10:02:15","date_gmt":"2019-07-22T08:02:15","guid":{"rendered":"http:\/\/www.cafesetthes.be\/WP\/?post_type=product&#038;p=253"},"modified":"2025-03-14T09:27:17","modified_gmt":"2025-03-14T08:27:17","slug":"the-vert-miracle-estival-bio","status":"publish","type":"product","link":"https:\/\/www.cafesetthes.be\/WP\/product\/the-vert-miracle-estival-bio\/","title":{"rendered":"Th\u00e9 vert &#8220;Miracle estival&#8221; BIO"},"content":{"rendered":"<h2>Saveur<\/h2>\n<p>Fraise-p\u00eache<\/p>\n<h2>Ingr\u00e9dients<\/h2>\n<p>Th\u00e9 vert de Chine Sencha*, banane (banane, huile de noix de coco, sucre de canne, miel)*, ar\u00f4me naturel, fleurs de souci*, fraise*, ananas*, abricot*, *Issu de l&#8217;agriculture biologique.<\/p>\n<h2>Pr\u00e9paration<\/h2>\n<p>Dosage : 12-15g\/L<\/p>\n<p>Dur\u00e9e infusion : 2-3min.<\/p>\n<p>Temp\u00e9rature de l&#8217;eau : 70-80\u00b0C<\/p>\n","protected":false},"excerpt":{"rendered":"<p>Saveur Fraise-p\u00eache Ingr\u00e9dients Th\u00e9 vert de Chine Sencha*, banane (banane, huile de noix de coco, sucre de canne, miel)*, ar\u00f4me naturel, fleurs de souci*, fraise*, ananas*, abricot*, *Issu de l&#8217;agriculture biologique. Pr\u00e9paration Dosage : 12-15g\/L Dur\u00e9e infusion : 2-3min. Temp\u00e9rature de l&#8217;eau : 70-80\u00b0C<\/p>\n","protected":false},"featured_media":362,"template":"","meta":{"spay_email":""},"product_cat":[24],"product_tag":[],"_links":{"self":[{"href":"https:\/\/www.cafesetthes.be\/WP\/wp-json\/wp\/v2\/product\/253"}],"collection":[{"href":"https:\/\/www.cafesetthes.be\/WP\/wp-json\/wp\/v2\/product"}],"about":[{"href":"https:\/\/www.cafesetthes.be\/WP\/wp-json\/wp\/v2\/types\/product"}],"wp:featuredmedia":[{"embeddable":true,"href":"https:\/\/www.cafesetthes.be\/WP\/wp-json\/wp\/v2\/media\/362"}],"wp:attachment":[{"href":"https:\/\/www.cafesetthes.be\/WP\/wp-json\/wp\/v2\/media?parent=253"}],"wp:term":[{"taxonomy":"product_cat","embeddable":true,"href":"https:\/\/www.cafesetthes.be\/WP\/wp-json\/wp\/v2\/product_cat?post=253"},{"taxonomy":"product_tag","embeddable":true,"href":"https:\/\/www.cafesetthes.be\/WP\/wp-json\/wp\/v2\/product_tag?post=253"}],"curies":[{"name":"wp","href":"https:\/\/api.w.org\/{rel}","templated":true}]}}