{"id":254,"date":"2019-07-22T10:03:46","date_gmt":"2019-07-22T08:03:46","guid":{"rendered":"http:\/\/www.cafesetthes.be\/WP\/?post_type=product&#038;p=254"},"modified":"2025-06-16T15:38:26","modified_gmt":"2025-06-16T13:38:26","slug":"the-vert-violette-framboise","status":"publish","type":"product","link":"https:\/\/www.cafesetthes.be\/WP\/product\/the-vert-violette-framboise\/","title":{"rendered":"Th\u00e9 vert Violette-framboise"},"content":{"rendered":"<h2>Saveur<\/h2>\n<p>Violette-framboise<\/p>\n<h2>Ingr\u00e9dients<\/h2>\n<p>Th\u00e9 vert de Chine Sencha, ar\u00f4me, th\u00e9 blanc China White Monkey, framboise (4%), mauve, violette (1%)<\/p>\n<h2>Pr\u00e9paration<\/h2>\n<p>Dosage : 12-15g\/L<\/p>\n<p>Dur\u00e9e infusion : 2-3min.<\/p>\n<p>Temp\u00e9rature de l&#8217;eau : 70-80\u00b0C<\/p>\n","protected":false},"excerpt":{"rendered":"<p>Saveur Violette-framboise Ingr\u00e9dients Th\u00e9 vert de Chine Sencha, ar\u00f4me, th\u00e9 blanc China White Monkey, framboise (4%), mauve, violette (1%) Pr\u00e9paration Dosage : 12-15g\/L Dur\u00e9e infusion : 2-3min. Temp\u00e9rature de l&#8217;eau : 70-80\u00b0C<\/p>\n","protected":false},"featured_media":361,"template":"","meta":{"spay_email":""},"product_cat":[24],"product_tag":[],"_links":{"self":[{"href":"https:\/\/www.cafesetthes.be\/WP\/wp-json\/wp\/v2\/product\/254"}],"collection":[{"href":"https:\/\/www.cafesetthes.be\/WP\/wp-json\/wp\/v2\/product"}],"about":[{"href":"https:\/\/www.cafesetthes.be\/WP\/wp-json\/wp\/v2\/types\/product"}],"wp:featuredmedia":[{"embeddable":true,"href":"https:\/\/www.cafesetthes.be\/WP\/wp-json\/wp\/v2\/media\/361"}],"wp:attachment":[{"href":"https:\/\/www.cafesetthes.be\/WP\/wp-json\/wp\/v2\/media?parent=254"}],"wp:term":[{"taxonomy":"product_cat","embeddable":true,"href":"https:\/\/www.cafesetthes.be\/WP\/wp-json\/wp\/v2\/product_cat?post=254"},{"taxonomy":"product_tag","embeddable":true,"href":"https:\/\/www.cafesetthes.be\/WP\/wp-json\/wp\/v2\/product_tag?post=254"}],"curies":[{"name":"wp","href":"https:\/\/api.w.org\/{rel}","templated":true}]}}