{"id":386,"date":"2019-10-04T18:23:05","date_gmt":"2019-10-04T16:23:05","guid":{"rendered":"http:\/\/www.cafesetthes.be\/WP\/?post_type=product&#038;p=386"},"modified":"2026-02-15T18:48:35","modified_gmt":"2026-02-15T17:48:35","slug":"kenya-kiundi","status":"publish","type":"product","link":"https:\/\/www.cafesetthes.be\/WP\/product\/kenya-kiundi\/","title":{"rendered":"Kenya &#8220;Kiundi&#8221;"},"content":{"rendered":"<h2>Saveur<\/h2>\n<p>Notre &#8220;Kenya Kiundi&#8221; est un caf\u00e9 haut de gamme avec du corps. Un caf\u00e9 de la classe extra, qui se caract\u00e9rise par un\u00a0<b>ar\u00f4me fruit\u00e9-chocolat\u00e9<\/b>. Dans les m\u00e9langes de haute qualit\u00e9, vous trouverez le &#8220;Kenya Kiundi&#8221; comme porteur d&#8217;acide.<\/p>\n","protected":false},"excerpt":{"rendered":"<p>Notre caf\u00e9 du Kenya provient de la r\u00e9gion de culture Kiundi, dans les hauts plateaux du sud. Le caf\u00e9 kenyan pousse principalement \u00e0 une altitude de 1 500 \u00e0 2 100 m\u00e8tres. Il y a deux r\u00e9coltes par an. Comme seules les cerises de caf\u00e9 m\u00fbres sont cueillies, il arrive que toute la plantation soit r\u00e9colt\u00e9e jusqu&#8217;\u00e0 sept fois \u00e0 la main. Les connaisseurs de caf\u00e9 ont une pr\u00e9f\u00e9rence particuli\u00e8re pour les caf\u00e9s sup\u00e9rieurs aromatiques du Kenya, car ils sont caract\u00e9ris\u00e9s par une acidit\u00e9 fine, un fruit\u00e9 inhabituel rappelant les baies et un corps plein. Les premiers arbres sont arriv\u00e9s au Kenya en provenance d&#8217;\u00c9thiopie au 19e si\u00e8cle. Aujourd&#8217;hui, le caf\u00e9 est cultiv\u00e9 dans 1 300 grandes plantations et par 600 000 petits producteurs r\u00e9unis en coop\u00e9ratives.<\/p>\n","protected":false},"featured_media":138,"template":"","meta":{"spay_email":""},"product_cat":[54],"product_tag":[],"_links":{"self":[{"href":"https:\/\/www.cafesetthes.be\/WP\/wp-json\/wp\/v2\/product\/386"}],"collection":[{"href":"https:\/\/www.cafesetthes.be\/WP\/wp-json\/wp\/v2\/product"}],"about":[{"href":"https:\/\/www.cafesetthes.be\/WP\/wp-json\/wp\/v2\/types\/product"}],"wp:featuredmedia":[{"embeddable":true,"href":"https:\/\/www.cafesetthes.be\/WP\/wp-json\/wp\/v2\/media\/138"}],"wp:attachment":[{"href":"https:\/\/www.cafesetthes.be\/WP\/wp-json\/wp\/v2\/media?parent=386"}],"wp:term":[{"taxonomy":"product_cat","embeddable":true,"href":"https:\/\/www.cafesetthes.be\/WP\/wp-json\/wp\/v2\/product_cat?post=386"},{"taxonomy":"product_tag","embeddable":true,"href":"https:\/\/www.cafesetthes.be\/WP\/wp-json\/wp\/v2\/product_tag?post=386"}],"curies":[{"name":"wp","href":"https:\/\/api.w.org\/{rel}","templated":true}]}}