{"id":388,"date":"2019-10-04T18:25:55","date_gmt":"2019-10-04T16:25:55","guid":{"rendered":"http:\/\/www.cafesetthes.be\/WP\/?post_type=product&#038;p=388"},"modified":"2026-02-15T18:48:13","modified_gmt":"2026-02-15T17:48:13","slug":"guatemala-lampocoy","status":"publish","type":"product","link":"https:\/\/www.cafesetthes.be\/WP\/product\/guatemala-lampocoy\/","title":{"rendered":"Guatemala &#8220;Lampocoy&#8221;"},"content":{"rendered":"<h2>Saveur<\/h2>\n<p>L&#8217;altitude, le climat et les sols tr\u00e8s profond\u00e9ment alt\u00e9r\u00e9s par le temps donnent \u00e0 ce caf\u00e9 un\u00a0<b>corps incroyablement<\/b>\u00a0beau et plein, avec des acides tr\u00e8s fins, une l\u00e9g\u00e8re\u00a0<b>note fruit\u00e9e<\/b>\u00a0et des notes de\u00a0<b>chocolat<\/b>\u00a0et de\u00a0<b>caramel<\/b>. Les excellentes conditions font du Guatemala Lampocoy un caf\u00e9 guat\u00e9malt\u00e8que de premier ordre.<\/p>\n","protected":false},"excerpt":{"rendered":"<p>Sur le bord oriental des \u00e9normes volcans d&#8217;Am\u00e9rique centrale et dans la zone d&#8217;influence des aliz\u00e9s de l&#8217;Atlantique, les cerises de caf\u00e9 m\u00fbrissent \u00e0 une altitude de 1 200 m sur une p\u00e9riode de plus de dix mois dans un microclimat optimal, frais et humide.<\/p>\n","protected":false},"featured_media":138,"template":"","meta":{"spay_email":""},"product_cat":[54],"product_tag":[],"_links":{"self":[{"href":"https:\/\/www.cafesetthes.be\/WP\/wp-json\/wp\/v2\/product\/388"}],"collection":[{"href":"https:\/\/www.cafesetthes.be\/WP\/wp-json\/wp\/v2\/product"}],"about":[{"href":"https:\/\/www.cafesetthes.be\/WP\/wp-json\/wp\/v2\/types\/product"}],"wp:featuredmedia":[{"embeddable":true,"href":"https:\/\/www.cafesetthes.be\/WP\/wp-json\/wp\/v2\/media\/138"}],"wp:attachment":[{"href":"https:\/\/www.cafesetthes.be\/WP\/wp-json\/wp\/v2\/media?parent=388"}],"wp:term":[{"taxonomy":"product_cat","embeddable":true,"href":"https:\/\/www.cafesetthes.be\/WP\/wp-json\/wp\/v2\/product_cat?post=388"},{"taxonomy":"product_tag","embeddable":true,"href":"https:\/\/www.cafesetthes.be\/WP\/wp-json\/wp\/v2\/product_tag?post=388"}],"curies":[{"name":"wp","href":"https:\/\/api.w.org\/{rel}","templated":true}]}}