{"id":389,"date":"2019-10-04T18:26:43","date_gmt":"2019-10-04T16:26:43","guid":{"rendered":"http:\/\/www.cafesetthes.be\/WP\/?post_type=product&#038;p=389"},"modified":"2026-03-07T11:31:46","modified_gmt":"2026-03-07T10:31:46","slug":"costa-rica-tarrazu","status":"publish","type":"product","link":"https:\/\/www.cafesetthes.be\/WP\/product\/costa-rica-tarrazu\/","title":{"rendered":"Costa Rica &#8220;Tarrazu&#8221; Volcan Azul"},"content":{"rendered":"<h2>Saveur<\/h2>\n<p>Acidit\u00e9 tr\u00e8s expressive et saveur aromatique, respectueuse de l&#8217;estomac gr\u00e2ce au processus de torr\u00e9faction artisanale. Corps harmonieux. Le &#8220;Costa Rica Tarrazu&#8221; est l&#8217;un des meilleurs caf\u00e9s du monde.<\/p>\n","protected":false},"excerpt":{"rendered":"<p>&nbsp;<\/p>\n<p>Les quelque 300 vari\u00e9t\u00e9s d&#8217;Arabica de premier ordre font depuis longtemps le bonheur des amateurs de caf\u00e9 les plus exigeants. Au sud de la capitale San Jos\u00e9 se trouve notre r\u00e9gion de culture Tarrazu, l&#8217;une des plus r\u00e9put\u00e9es du pays. Lorsque Christophe Colomb a jet\u00e9 l&#8217;ancre au Costa Rica (la &#8220;c\u00f4te riche&#8221; en espagnol), il n&#8217;y avait pas de caf\u00e9. Ce n&#8217;est qu&#8217;il y a environ 250 ans que les premi\u00e8res plantes ont \u00e9t\u00e9 import\u00e9es de Cuba. Aujourd&#8217;hui, on compte plus de cent caf\u00e9iers pour chaque habitant du Costa Rica. Le Costa Rica est le pays du caf\u00e9 des superlatifs : il a \u00e9t\u00e9 le premier \u00c9tat d&#8217;Am\u00e9rique centrale \u00e0 miser sur les innovations scientifiques et agricoles, et a port\u00e9 les processus de culture et de transformation \u00e0 un niveau exemplaire dans le monde entier.<\/p>\n","protected":false},"featured_media":138,"template":"","meta":{"spay_email":""},"product_cat":[54],"product_tag":[],"_links":{"self":[{"href":"https:\/\/www.cafesetthes.be\/WP\/wp-json\/wp\/v2\/product\/389"}],"collection":[{"href":"https:\/\/www.cafesetthes.be\/WP\/wp-json\/wp\/v2\/product"}],"about":[{"href":"https:\/\/www.cafesetthes.be\/WP\/wp-json\/wp\/v2\/types\/product"}],"wp:featuredmedia":[{"embeddable":true,"href":"https:\/\/www.cafesetthes.be\/WP\/wp-json\/wp\/v2\/media\/138"}],"wp:attachment":[{"href":"https:\/\/www.cafesetthes.be\/WP\/wp-json\/wp\/v2\/media?parent=389"}],"wp:term":[{"taxonomy":"product_cat","embeddable":true,"href":"https:\/\/www.cafesetthes.be\/WP\/wp-json\/wp\/v2\/product_cat?post=389"},{"taxonomy":"product_tag","embeddable":true,"href":"https:\/\/www.cafesetthes.be\/WP\/wp-json\/wp\/v2\/product_tag?post=389"}],"curies":[{"name":"wp","href":"https:\/\/api.w.org\/{rel}","templated":true}]}}