{"id":390,"date":"2019-10-04T18:27:32","date_gmt":"2019-10-04T16:27:32","guid":{"rendered":"http:\/\/www.cafesetthes.be\/WP\/?post_type=product&#038;p=390"},"modified":"2026-02-15T18:23:41","modified_gmt":"2026-02-15T17:23:41","slug":"espresso-star-of-italy","status":"publish","type":"product","link":"https:\/\/www.cafesetthes.be\/WP\/product\/espresso-star-of-italy\/","title":{"rendered":"Espresso &#8220;Star of Italy&#8221;"},"content":{"rendered":"<h2>Saveur<\/h2>\n<p>Star of Italy est un expresso pour tous les amateurs d&#8217;une exp\u00e9rience gustative <b>\u00e9pic\u00e9e et acidul\u00e9e<\/b>\u00a0qui ne veulent pas se passer de l&#8217;importante et\u00a0<b>intense douceur de base<\/b>. &#8220;Star of Italy&#8221; est la base id\u00e9ale pour les sp\u00e9cialit\u00e9s de caf\u00e9 telles que le cappuccino ou le latte macchiato.<\/p>\n","protected":false},"excerpt":{"rendered":"<p>Notre expresso \u00e9pic\u00e9 &#8220;Star of Italy&#8221; est issu d&#8217;une composition harmonieuse de plantes s\u00e9lectionn\u00e9es des hauts plateaux br\u00e9siliens, de fins caf\u00e9s verts africains et d&#8217;une rare sp\u00e9cialit\u00e9 de Robusta d&#8217;Inde.<\/p>\n","protected":false},"featured_media":138,"template":"","meta":{"spay_email":""},"product_cat":[54],"product_tag":[],"_links":{"self":[{"href":"https:\/\/www.cafesetthes.be\/WP\/wp-json\/wp\/v2\/product\/390"}],"collection":[{"href":"https:\/\/www.cafesetthes.be\/WP\/wp-json\/wp\/v2\/product"}],"about":[{"href":"https:\/\/www.cafesetthes.be\/WP\/wp-json\/wp\/v2\/types\/product"}],"wp:featuredmedia":[{"embeddable":true,"href":"https:\/\/www.cafesetthes.be\/WP\/wp-json\/wp\/v2\/media\/138"}],"wp:attachment":[{"href":"https:\/\/www.cafesetthes.be\/WP\/wp-json\/wp\/v2\/media?parent=390"}],"wp:term":[{"taxonomy":"product_cat","embeddable":true,"href":"https:\/\/www.cafesetthes.be\/WP\/wp-json\/wp\/v2\/product_cat?post=390"},{"taxonomy":"product_tag","embeddable":true,"href":"https:\/\/www.cafesetthes.be\/WP\/wp-json\/wp\/v2\/product_tag?post=390"}],"curies":[{"name":"wp","href":"https:\/\/api.w.org\/{rel}","templated":true}]}}