{"id":395,"date":"2019-10-04T18:32:28","date_gmt":"2019-10-04T16:32:28","guid":{"rendered":"http:\/\/www.cafesetthes.be\/WP\/?post_type=product&#038;p=395"},"modified":"2026-02-15T18:47:23","modified_gmt":"2026-02-15T17:47:23","slug":"tansania","status":"publish","type":"product","link":"https:\/\/www.cafesetthes.be\/WP\/product\/tansania\/","title":{"rendered":"Tanzanie &#8220;Kilimandjaro&#8221;"},"content":{"rendered":"<h2>Saveur<\/h2>\n<p>Notre Tanzania Kilimanjaro cors\u00e9 ravit avec un excellent ar\u00f4me,\u00a0<b>plein<\/b>\u00a0et\u00a0<b>doux<\/b>, avec une\u00a0<b>acidit\u00e9 fruit\u00e9e<\/b>.<\/p>\n","protected":false},"excerpt":{"rendered":"<p>Les caf\u00e9s tanzaniens appartiennent \u00e0 la famille des caf\u00e9s lav\u00e9s d&#8217;Afrique centrale et orientale. En raison du manque d&#8217;infrastructures, surtout par rapport au Kenya, il est souvent difficile de se procurer de bons caf\u00e9s de cette origine. Nous sommes donc particuli\u00e8rement heureux de pouvoir pr\u00e9senter cette sp\u00e9cialit\u00e9 des r\u00e9gions du nord du pays. La r\u00e9gion du Kilimandjaro, o\u00f9 m\u00fbrissent ces grains merveilleusement aromatiques, offre les meilleures conditions climatiques pour la culture du caf\u00e9 en Tanzanie.<\/p>\n","protected":false},"featured_media":138,"template":"","meta":{"spay_email":""},"product_cat":[54],"product_tag":[],"_links":{"self":[{"href":"https:\/\/www.cafesetthes.be\/WP\/wp-json\/wp\/v2\/product\/395"}],"collection":[{"href":"https:\/\/www.cafesetthes.be\/WP\/wp-json\/wp\/v2\/product"}],"about":[{"href":"https:\/\/www.cafesetthes.be\/WP\/wp-json\/wp\/v2\/types\/product"}],"wp:featuredmedia":[{"embeddable":true,"href":"https:\/\/www.cafesetthes.be\/WP\/wp-json\/wp\/v2\/media\/138"}],"wp:attachment":[{"href":"https:\/\/www.cafesetthes.be\/WP\/wp-json\/wp\/v2\/media?parent=395"}],"wp:term":[{"taxonomy":"product_cat","embeddable":true,"href":"https:\/\/www.cafesetthes.be\/WP\/wp-json\/wp\/v2\/product_cat?post=395"},{"taxonomy":"product_tag","embeddable":true,"href":"https:\/\/www.cafesetthes.be\/WP\/wp-json\/wp\/v2\/product_tag?post=395"}],"curies":[{"name":"wp","href":"https:\/\/api.w.org\/{rel}","templated":true}]}}