{"id":396,"date":"2019-10-04T18:33:13","date_gmt":"2019-10-04T16:33:13","guid":{"rendered":"http:\/\/www.cafesetthes.be\/WP\/?post_type=product&#038;p=396"},"modified":"2026-02-15T18:23:17","modified_gmt":"2026-02-15T17:23:17","slug":"espresso-n3","status":"publish","type":"product","link":"https:\/\/www.cafesetthes.be\/WP\/product\/espresso-n3\/","title":{"rendered":"Espresso n\u00b03"},"content":{"rendered":"<h2>Saveur<\/h2>\n<p>Tous les amateurs de l&#8217;expresso du sud de l&#8217;Italie attendaient ce caf\u00e9. Notre Espresso No. 3 impressionne par sa <b>puissance<\/b>\u00a0et son\u00a0<b>piquant<\/b>, qui perdurent longtemps apr\u00e8s la consommation. La proportion de Robusta africain est de 30%, ce qui garantit un ar\u00f4me complet. Surprenez vos amis et les amateurs du &#8220;caf\u00e9 italien&#8221; avec ce m\u00e9lange \u00e0 un prix sensationnel.<\/p>\n","protected":false},"excerpt":{"rendered":"<p>Ce m\u00e9lange d&#8217;expresso compl\u00e8te notre gamme d&#8217;expresso et apporte toute la puissance et le piquant dans la tasse. L&#8217;impact particulier de cet expresso r\u00e9sulte d&#8217;un Robusta africain trait\u00e9 \u00e0 sec, qui a un caract\u00e8re l\u00e9g\u00e8rement terreux et bois\u00e9, tr\u00e8s unique. Dans ce m\u00e9lange, il est accompagn\u00e9 d&#8217;un caf\u00e9 br\u00e9silien harmonieusement doux.<\/p>\n","protected":false},"featured_media":138,"template":"","meta":{"spay_email":""},"product_cat":[54],"product_tag":[],"_links":{"self":[{"href":"https:\/\/www.cafesetthes.be\/WP\/wp-json\/wp\/v2\/product\/396"}],"collection":[{"href":"https:\/\/www.cafesetthes.be\/WP\/wp-json\/wp\/v2\/product"}],"about":[{"href":"https:\/\/www.cafesetthes.be\/WP\/wp-json\/wp\/v2\/types\/product"}],"wp:featuredmedia":[{"embeddable":true,"href":"https:\/\/www.cafesetthes.be\/WP\/wp-json\/wp\/v2\/media\/138"}],"wp:attachment":[{"href":"https:\/\/www.cafesetthes.be\/WP\/wp-json\/wp\/v2\/media?parent=396"}],"wp:term":[{"taxonomy":"product_cat","embeddable":true,"href":"https:\/\/www.cafesetthes.be\/WP\/wp-json\/wp\/v2\/product_cat?post=396"},{"taxonomy":"product_tag","embeddable":true,"href":"https:\/\/www.cafesetthes.be\/WP\/wp-json\/wp\/v2\/product_tag?post=396"}],"curies":[{"name":"wp","href":"https:\/\/api.w.org\/{rel}","templated":true}]}}