{"id":398,"date":"2019-10-04T18:35:07","date_gmt":"2019-10-04T16:35:07","guid":{"rendered":"http:\/\/www.cafesetthes.be\/WP\/?post_type=product&#038;p=398"},"modified":"2025-11-01T12:17:11","modified_gmt":"2025-11-01T11:17:11","slug":"brazil-camocin","status":"publish","type":"product","link":"https:\/\/www.cafesetthes.be\/WP\/product\/brazil-camocin\/","title":{"rendered":"Br\u00e9sil Camocin BIO"},"content":{"rendered":"<h2>Saveur<\/h2>\n<p>Les meilleurs grains d&#8217;Arabica avec un ar\u00f4me\u00a0<b>doux<\/b>\u00a0et de\u00a0<b>noisette<\/b>\u00a0convainquent par un\u00a0<b>corps plein<\/b>\u00a0et \u00e0 la fois avec une faible acidit\u00e9.<\/p>\n","protected":false},"excerpt":{"rendered":"<p>La Finca Organic Camocim est situ\u00e9e en haut des montagnes de la for\u00eat tropicale atlantique et est entour\u00e9e de v\u00e9g\u00e9tation naturelle. L&#8217;emplacement avantageux cr\u00e9e des conditions presque oniriques pour la culture biodynamique. La vari\u00e9t\u00e9 de plantes cultiv\u00e9es est particuli\u00e8rement adapt\u00e9e \u00e0 cet effet, car elle est tr\u00e8s robuste et naturellement extr\u00eamement r\u00e9sistante \u00e0 la moisissure brune. Les cimes volumineuses des arbres et les conditions parfaites du site garantissent des r\u00e9coltes \u00e0 haut rendement, sans utilisation de pesticides chimiques. Un produit naturellement pur, produit selon les exigences biologiques strictes de Demeter.<\/p>\n","protected":false},"featured_media":138,"template":"","meta":{"spay_email":""},"product_cat":[54],"product_tag":[],"_links":{"self":[{"href":"https:\/\/www.cafesetthes.be\/WP\/wp-json\/wp\/v2\/product\/398"}],"collection":[{"href":"https:\/\/www.cafesetthes.be\/WP\/wp-json\/wp\/v2\/product"}],"about":[{"href":"https:\/\/www.cafesetthes.be\/WP\/wp-json\/wp\/v2\/types\/product"}],"wp:featuredmedia":[{"embeddable":true,"href":"https:\/\/www.cafesetthes.be\/WP\/wp-json\/wp\/v2\/media\/138"}],"wp:attachment":[{"href":"https:\/\/www.cafesetthes.be\/WP\/wp-json\/wp\/v2\/media?parent=398"}],"wp:term":[{"taxonomy":"product_cat","embeddable":true,"href":"https:\/\/www.cafesetthes.be\/WP\/wp-json\/wp\/v2\/product_cat?post=398"},{"taxonomy":"product_tag","embeddable":true,"href":"https:\/\/www.cafesetthes.be\/WP\/wp-json\/wp\/v2\/product_tag?post=398"}],"curies":[{"name":"wp","href":"https:\/\/api.w.org\/{rel}","templated":true}]}}