{"id":402,"date":"2019-10-04T18:38:20","date_gmt":"2019-10-04T16:38:20","guid":{"rendered":"http:\/\/www.cafesetthes.be\/WP\/?post_type=product&#038;p=402"},"modified":"2026-02-15T18:22:55","modified_gmt":"2026-02-15T17:22:55","slug":"espresso-organico","status":"publish","type":"product","link":"https:\/\/www.cafesetthes.be\/WP\/product\/espresso-organico\/","title":{"rendered":"Espresso Organico BIO"},"content":{"rendered":"<h2>Saveur<\/h2>\n<p>Comme pour toutes nos compositions d&#8217;expresso, nous accordons beaucoup d&#8217;importance \u00e0 la <b>douceur<\/b>\u00a0et au\u00a0<b>moelleux<\/b>. Par cons\u00e9quent, seuls les caf\u00e9s de moyenne altitude entrent dans la composition de ce m\u00e9lange. Tr\u00e8s \u00e9quilibr\u00e9, avec un piquant \u00e9l\u00e9gant, ce m\u00e9lange ravit l&#8217;amateur de caf\u00e9 biologique contr\u00f4l\u00e9.<\/p>\n","protected":false},"excerpt":{"rendered":"<p>&nbsp;<\/p>\n<p>Des caf\u00e9s verts s\u00e9lectionn\u00e9s en Am\u00e9rique centrale et du Sud donnent \u00e0 cet expresso son caract\u00e8re unique. Les meilleurs grains d&#8217;Arabica du Br\u00e9sil constituent la base de cette sp\u00e9cialit\u00e9 de caf\u00e9 de haute qualit\u00e9. Tous les caf\u00e9s bruts utilis\u00e9s sont contr\u00f4l\u00e9s et certifi\u00e9s biologiques.<\/p>\n","protected":false},"featured_media":138,"template":"","meta":{"spay_email":""},"product_cat":[54],"product_tag":[],"_links":{"self":[{"href":"https:\/\/www.cafesetthes.be\/WP\/wp-json\/wp\/v2\/product\/402"}],"collection":[{"href":"https:\/\/www.cafesetthes.be\/WP\/wp-json\/wp\/v2\/product"}],"about":[{"href":"https:\/\/www.cafesetthes.be\/WP\/wp-json\/wp\/v2\/types\/product"}],"wp:featuredmedia":[{"embeddable":true,"href":"https:\/\/www.cafesetthes.be\/WP\/wp-json\/wp\/v2\/media\/138"}],"wp:attachment":[{"href":"https:\/\/www.cafesetthes.be\/WP\/wp-json\/wp\/v2\/media?parent=402"}],"wp:term":[{"taxonomy":"product_cat","embeddable":true,"href":"https:\/\/www.cafesetthes.be\/WP\/wp-json\/wp\/v2\/product_cat?post=402"},{"taxonomy":"product_tag","embeddable":true,"href":"https:\/\/www.cafesetthes.be\/WP\/wp-json\/wp\/v2\/product_tag?post=402"}],"curies":[{"name":"wp","href":"https:\/\/api.w.org\/{rel}","templated":true}]}}