{"id":553,"date":"2021-01-23T14:30:00","date_gmt":"2021-01-23T13:30:00","guid":{"rendered":"http:\/\/www.cafesetthes.be\/WP\/?post_type=product&#038;p=553"},"modified":"2025-11-01T12:16:17","modified_gmt":"2025-11-01T11:16:17","slug":"indien-harley-estate","status":"publish","type":"product","link":"https:\/\/www.cafesetthes.be\/WP\/product\/indien-harley-estate\/","title":{"rendered":"Inde &#8220;Harley Estate&#8221;"},"content":{"rendered":"<h2>Saveur<\/h2>\n<p>Une\u00a0<b>tasse harmonieuse<\/b>\u00a0avec\u00a0<b>peu d&#8217;acidit\u00e9<\/b>, mais un\u00a0<b>corps d&#8217;autant plus puissant<\/b>. India Harley Estate a une forte teneur en caf\u00e9ine et une fine note de\u00a0<b>cardamome<\/b>\u00a0et de\u00a0<b>vanille<\/b>, qui fait battre plus vite le c\u0153ur des connaisseurs de caf\u00e9.<\/p>\n","protected":false},"excerpt":{"rendered":"<p>Le groupe Classic Synergy est un groupe de producteurs de caf\u00e9 de cinqui\u00e8me g\u00e9n\u00e9ration. Ils produisent un caf\u00e9 de haute qualit\u00e9 qui se distingue visuellement et dans la tasse du caf\u00e9 normal. Il est le r\u00e9sultat d&#8217;une culture soign\u00e9e, de soins m\u00e9ticuleux, d&#8217;un traitement sp\u00e9cial et d&#8217;une torr\u00e9faction. Seuls des engrais organiques sont utilis\u00e9s pour les plantes. En plus du salaire, les travailleurs b\u00e9n\u00e9ficient d&#8217;un logement avec \u00e9lectricit\u00e9 et eau. Les enfants b\u00e9n\u00e9ficient d&#8217;un enseignement gratuit, d&#8217;installations m\u00e9dicales, de prestations parentales, de primes et de primes de rendement, ainsi que de cong\u00e9s pay\u00e9s.<\/p>\n","protected":false},"featured_media":138,"template":"","meta":{"spay_email":""},"product_cat":[54],"product_tag":[],"_links":{"self":[{"href":"https:\/\/www.cafesetthes.be\/WP\/wp-json\/wp\/v2\/product\/553"}],"collection":[{"href":"https:\/\/www.cafesetthes.be\/WP\/wp-json\/wp\/v2\/product"}],"about":[{"href":"https:\/\/www.cafesetthes.be\/WP\/wp-json\/wp\/v2\/types\/product"}],"wp:featuredmedia":[{"embeddable":true,"href":"https:\/\/www.cafesetthes.be\/WP\/wp-json\/wp\/v2\/media\/138"}],"wp:attachment":[{"href":"https:\/\/www.cafesetthes.be\/WP\/wp-json\/wp\/v2\/media?parent=553"}],"wp:term":[{"taxonomy":"product_cat","embeddable":true,"href":"https:\/\/www.cafesetthes.be\/WP\/wp-json\/wp\/v2\/product_cat?post=553"},{"taxonomy":"product_tag","embeddable":true,"href":"https:\/\/www.cafesetthes.be\/WP\/wp-json\/wp\/v2\/product_tag?post=553"}],"curies":[{"name":"wp","href":"https:\/\/api.w.org\/{rel}","templated":true}]}}