{"id":556,"date":"2021-01-23T14:37:46","date_gmt":"2021-01-23T13:37:46","guid":{"rendered":"http:\/\/www.cafesetthes.be\/WP\/?post_type=product&#038;p=556"},"modified":"2026-03-23T14:04:44","modified_gmt":"2026-03-23T13:04:44","slug":"nicaragua-cafe-des-fleurs","status":"publish","type":"product","link":"https:\/\/www.cafesetthes.be\/WP\/product\/nicaragua-cafe-des-fleurs\/","title":{"rendered":"Nicaragua &#8220;Caf\u00e9 Fleurs&#8221;"},"content":{"rendered":"<h2>Saveur<\/h2>\n<p>Cet Arabica plait par sa l\u00e9g\u00e8re acidit\u00e9, sans amertume. Un go\u00fbt de\u00a0<b>noisette<\/b>\u00a0et une l\u00e9g\u00e8re touche de\u00a0<b>cerise<\/b>\u00a0sont parfaitement compl\u00e9t\u00e9s par une note finale\u00a0<b>cr\u00e9meuse<\/b>\u00a0et douce qui vous laissent r\u00eaver.<\/p>\n","protected":false},"excerpt":{"rendered":"<p>Ce caf\u00e9, produit exclusivement par des femmes, est la cl\u00e9 de l&#8217;objectif de l&#8217;association Women&#8217;s Project : l&#8217;am\u00e9lioration de la qualit\u00e9 de vie de ses membres. Parce que le caf\u00e9 &#8220;Flores del Caf\u00e9&#8221; les aide \u00e0 obtenir un titre l\u00e9gal pour leurs terres. Cette propri\u00e9t\u00e9 fonci\u00e8re est une condition pr\u00e9alable pour avoir acc\u00e8s aux cr\u00e9dits ou aux pr\u00eats pour des projets \u00e9conomiques. Les terres sont g\u00e9n\u00e9ralement transmises de p\u00e8re en fils. Si les femmes poss\u00e8dent \u00e9galement des terres, cela permet d&#8217;augmenter les revenus et d&#8217;am\u00e9liorer la qualit\u00e9 de vie des familles. Cette initiative est soutenue et promue par &#8220;Flores del Caf\u00e9&#8221;.<\/p>\n","protected":false},"featured_media":138,"template":"","meta":{"spay_email":""},"product_cat":[54],"product_tag":[],"_links":{"self":[{"href":"https:\/\/www.cafesetthes.be\/WP\/wp-json\/wp\/v2\/product\/556"}],"collection":[{"href":"https:\/\/www.cafesetthes.be\/WP\/wp-json\/wp\/v2\/product"}],"about":[{"href":"https:\/\/www.cafesetthes.be\/WP\/wp-json\/wp\/v2\/types\/product"}],"wp:featuredmedia":[{"embeddable":true,"href":"https:\/\/www.cafesetthes.be\/WP\/wp-json\/wp\/v2\/media\/138"}],"wp:attachment":[{"href":"https:\/\/www.cafesetthes.be\/WP\/wp-json\/wp\/v2\/media?parent=556"}],"wp:term":[{"taxonomy":"product_cat","embeddable":true,"href":"https:\/\/www.cafesetthes.be\/WP\/wp-json\/wp\/v2\/product_cat?post=556"},{"taxonomy":"product_tag","embeddable":true,"href":"https:\/\/www.cafesetthes.be\/WP\/wp-json\/wp\/v2\/product_tag?post=556"}],"curies":[{"name":"wp","href":"https:\/\/api.w.org\/{rel}","templated":true}]}}