{"id":557,"date":"2021-01-23T14:39:34","date_gmt":"2021-01-23T13:39:34","guid":{"rendered":"http:\/\/www.cafesetthes.be\/WP\/?post_type=product&#038;p=557"},"modified":"2025-11-01T12:20:37","modified_gmt":"2025-11-01T11:20:37","slug":"papouasie-nouvelle-guinee-harley-estate","status":"publish","type":"product","link":"https:\/\/www.cafesetthes.be\/WP\/product\/papouasie-nouvelle-guinee-harley-estate\/","title":{"rendered":"Papouasie Nouvelle-Guin\u00e9e Sigri Estate PB"},"content":{"rendered":"<h2>Saveur<\/h2>\n<p>Le Domaine Sigri propose des notes douces de\u00a0<b>chocolat<\/b>\u00a0et de\u00a0<b>noix<\/b>. Il convainc \u00e9galement les gourmets par son\u00a0<b>corps velout\u00e9<\/b> et son acidit\u00e9 \u00e9quilibr\u00e9e.<\/p>\n","protected":false},"excerpt":{"rendered":"<p>La vall\u00e9e de Wahgi, sur l&#8217;\u00eele de Nouvelle-Guin\u00e9e, b\u00e9n\u00e9ficie d&#8217;un climat id\u00e9al pour le caf\u00e9. L\u00e0, les meilleurs caf\u00e9s Arabica, comme l&#8217;Arusha et le Typica, sont cultiv\u00e9s dans la plantation de Sigri. Le contr\u00f4le de la qualit\u00e9 de la plantation commence d\u00e9j\u00e0 sur le terrain. Le caf\u00e9 est r\u00e9colt\u00e9 \u00e0 la main, lav\u00e9 et s\u00e9ch\u00e9 au soleil. Les grains sont tri\u00e9s \u00e0 la main et torr\u00e9fi\u00e9s par des experts. Ce caf\u00e9 convainc par son ar\u00f4me intense.<\/p>\n","protected":false},"featured_media":138,"template":"","meta":{"spay_email":""},"product_cat":[54],"product_tag":[],"_links":{"self":[{"href":"https:\/\/www.cafesetthes.be\/WP\/wp-json\/wp\/v2\/product\/557"}],"collection":[{"href":"https:\/\/www.cafesetthes.be\/WP\/wp-json\/wp\/v2\/product"}],"about":[{"href":"https:\/\/www.cafesetthes.be\/WP\/wp-json\/wp\/v2\/types\/product"}],"wp:featuredmedia":[{"embeddable":true,"href":"https:\/\/www.cafesetthes.be\/WP\/wp-json\/wp\/v2\/media\/138"}],"wp:attachment":[{"href":"https:\/\/www.cafesetthes.be\/WP\/wp-json\/wp\/v2\/media?parent=557"}],"wp:term":[{"taxonomy":"product_cat","embeddable":true,"href":"https:\/\/www.cafesetthes.be\/WP\/wp-json\/wp\/v2\/product_cat?post=557"},{"taxonomy":"product_tag","embeddable":true,"href":"https:\/\/www.cafesetthes.be\/WP\/wp-json\/wp\/v2\/product_tag?post=557"}],"curies":[{"name":"wp","href":"https:\/\/api.w.org\/{rel}","templated":true}]}}