{"id":776,"date":"2022-04-04T21:32:40","date_gmt":"2022-04-04T19:32:40","guid":{"rendered":"https:\/\/www.cafesetthes.be\/WP\/?post_type=product&#038;p=776"},"modified":"2025-11-01T12:20:24","modified_gmt":"2025-11-01T11:20:24","slug":"indonesia-sumatra-pango","status":"publish","type":"product","link":"https:\/\/www.cafesetthes.be\/WP\/product\/indonesia-sumatra-pango\/","title":{"rendered":"Indon\u00e9sie Sumatra Pongo BIO"},"content":{"rendered":"<h2>Saveur<\/h2>\n<p>Le caf\u00e9 des hautes terres Sumatra Pongo est un peu fort en go\u00fbt et saura vous convaincre par ses <strong>notes<\/strong> d\u00e9licatement <strong>fruit\u00e9es<\/strong> et ses l\u00e9g\u00e8res <strong>notes de f\u00e8ves de cacao noir<\/strong>. Cette saveur unique se refl\u00e8te dans le profil de la tasse.<\/p>\n","protected":false},"excerpt":{"rendered":"<p>Ketiara est une coop\u00e9rative de caf\u00e9 dirig\u00e9e par des femmes, constitu\u00e9e de 1000 membres dont 90% sont des femmes. Elle a \u00e9t\u00e9 fond\u00e9e en 2008 et est certifi\u00e9e biologique et \u00e9quitable depuis 2012. Les membres de Ketiara sont fi\u00e8rement responsables de toute la cha\u00eene de valeur : ils cultivent, transforment et exportent eux-m\u00eames leurs caf\u00e9s biologiques. Avec un fort accent sur la responsabilit\u00e9 sociale et la durabilit\u00e9.<\/p>\n","protected":false},"featured_media":138,"template":"","meta":{"spay_email":""},"product_cat":[54],"product_tag":[],"_links":{"self":[{"href":"https:\/\/www.cafesetthes.be\/WP\/wp-json\/wp\/v2\/product\/776"}],"collection":[{"href":"https:\/\/www.cafesetthes.be\/WP\/wp-json\/wp\/v2\/product"}],"about":[{"href":"https:\/\/www.cafesetthes.be\/WP\/wp-json\/wp\/v2\/types\/product"}],"wp:featuredmedia":[{"embeddable":true,"href":"https:\/\/www.cafesetthes.be\/WP\/wp-json\/wp\/v2\/media\/138"}],"wp:attachment":[{"href":"https:\/\/www.cafesetthes.be\/WP\/wp-json\/wp\/v2\/media?parent=776"}],"wp:term":[{"taxonomy":"product_cat","embeddable":true,"href":"https:\/\/www.cafesetthes.be\/WP\/wp-json\/wp\/v2\/product_cat?post=776"},{"taxonomy":"product_tag","embeddable":true,"href":"https:\/\/www.cafesetthes.be\/WP\/wp-json\/wp\/v2\/product_tag?post=776"}],"curies":[{"name":"wp","href":"https:\/\/api.w.org\/{rel}","templated":true}]}}