{"id":795,"date":"2022-04-06T17:09:03","date_gmt":"2022-04-06T15:09:03","guid":{"rendered":"https:\/\/www.cafesetthes.be\/WP\/?post_type=product&#038;p=795"},"modified":"2025-11-01T12:15:27","modified_gmt":"2025-11-01T11:15:27","slug":"honduras-copantillo","status":"publish","type":"product","link":"https:\/\/www.cafesetthes.be\/WP\/product\/honduras-copantillo\/","title":{"rendered":"Honduras Copantillo"},"content":{"rendered":"<h2>Saveur<\/h2>\n<p>Ce caf\u00e9 est\u00a0fort\u00a0et\u00a0cors\u00e9, mais reste\u00a0peu acide. Son go\u00fbt rappelle celui des\u00a0noix\u00a0et du\u00a0chocolat.<\/p>\n","protected":false},"excerpt":{"rendered":"<p>Ce caf\u00e9 provient d&#8217;une organisation \u00e0 San Andr\u00e9s, au Honduras. Ils cultivent du Catua\u00ed rouge et jaune sur 275 hectares.<\/p>\n","protected":false},"featured_media":138,"template":"","meta":{"spay_email":""},"product_cat":[54],"product_tag":[],"_links":{"self":[{"href":"https:\/\/www.cafesetthes.be\/WP\/wp-json\/wp\/v2\/product\/795"}],"collection":[{"href":"https:\/\/www.cafesetthes.be\/WP\/wp-json\/wp\/v2\/product"}],"about":[{"href":"https:\/\/www.cafesetthes.be\/WP\/wp-json\/wp\/v2\/types\/product"}],"wp:featuredmedia":[{"embeddable":true,"href":"https:\/\/www.cafesetthes.be\/WP\/wp-json\/wp\/v2\/media\/138"}],"wp:attachment":[{"href":"https:\/\/www.cafesetthes.be\/WP\/wp-json\/wp\/v2\/media?parent=795"}],"wp:term":[{"taxonomy":"product_cat","embeddable":true,"href":"https:\/\/www.cafesetthes.be\/WP\/wp-json\/wp\/v2\/product_cat?post=795"},{"taxonomy":"product_tag","embeddable":true,"href":"https:\/\/www.cafesetthes.be\/WP\/wp-json\/wp\/v2\/product_tag?post=795"}],"curies":[{"name":"wp","href":"https:\/\/api.w.org\/{rel}","templated":true}]}}