{"id":871,"date":"2022-04-09T10:18:04","date_gmt":"2022-04-09T08:18:04","guid":{"rendered":"https:\/\/www.cafesetthes.be\/WP\/?post_type=product&#038;p=871"},"modified":"2025-03-14T09:27:18","modified_gmt":"2025-03-14T08:27:18","slug":"infusion-fruitee-coriandre-fraise-des-bois-bio","status":"publish","type":"product","link":"https:\/\/www.cafesetthes.be\/WP\/product\/infusion-fruitee-coriandre-fraise-des-bois-bio\/","title":{"rendered":"Infusion fruit\u00e9e Coriandre-fraise des bois BIO"},"content":{"rendered":"<h2>Saveur<\/h2>\n<p>Coriandre &#8211; fraises des bois<\/p>\n<h2>Ingr\u00e9dients<\/h2>\n<p>Pomme*, b\u00e2tons de cannelle*, \u00e9corces d&#8217;orange*, betterave rouge*, graine de coriandre* (5%), ar\u00f4me naturel, baie de goji*, cardamome*, fraise* (3%), p\u00e9tales de rose*, pop-corn*, mauve*, coriandre moulue* (1%). * Issu de l\u2018agriculture biologique.<\/p>\n<h2>Pr\u00e9paration<\/h2>\n<p>Dosage : 15-20g\/L<\/p>\n<p>Dur\u00e9e infusion : 10-12min.<\/p>\n<p>Temp\u00e9rature de l&#8217;eau : 100\u00b0C<\/p>\n","protected":false},"excerpt":{"rendered":"<p>Saveur Coriandre &#8211; fraises des bois Ingr\u00e9dients Pomme*, b\u00e2tons de cannelle*, \u00e9corces d&#8217;orange*, betterave rouge*, graine de coriandre* (5%), ar\u00f4me naturel, baie de goji*, cardamome*, fraise* (3%), p\u00e9tales de rose*, pop-corn*, mauve*, coriandre moulue* (1%). * Issu de l\u2018agriculture biologique. Pr\u00e9paration Dosage : 15-20g\/L Dur\u00e9e infusion : 10-12min. Temp\u00e9rature de l&#8217;eau : 100\u00b0C<\/p>\n","protected":false},"featured_media":978,"template":"","meta":{"spay_email":""},"product_cat":[34],"product_tag":[],"_links":{"self":[{"href":"https:\/\/www.cafesetthes.be\/WP\/wp-json\/wp\/v2\/product\/871"}],"collection":[{"href":"https:\/\/www.cafesetthes.be\/WP\/wp-json\/wp\/v2\/product"}],"about":[{"href":"https:\/\/www.cafesetthes.be\/WP\/wp-json\/wp\/v2\/types\/product"}],"wp:featuredmedia":[{"embeddable":true,"href":"https:\/\/www.cafesetthes.be\/WP\/wp-json\/wp\/v2\/media\/978"}],"wp:attachment":[{"href":"https:\/\/www.cafesetthes.be\/WP\/wp-json\/wp\/v2\/media?parent=871"}],"wp:term":[{"taxonomy":"product_cat","embeddable":true,"href":"https:\/\/www.cafesetthes.be\/WP\/wp-json\/wp\/v2\/product_cat?post=871"},{"taxonomy":"product_tag","embeddable":true,"href":"https:\/\/www.cafesetthes.be\/WP\/wp-json\/wp\/v2\/product_tag?post=871"}],"curies":[{"name":"wp","href":"https:\/\/api.w.org\/{rel}","templated":true}]}}