{"id":876,"date":"2022-04-09T10:29:28","date_gmt":"2022-04-09T08:29:28","guid":{"rendered":"https:\/\/www.cafesetthes.be\/WP\/?post_type=product&#038;p=876"},"modified":"2025-12-04T10:33:03","modified_gmt":"2025-12-04T09:33:03","slug":"infusion-pomme-cannelle","status":"publish","type":"product","link":"https:\/\/www.cafesetthes.be\/WP\/product\/infusion-pomme-cannelle\/","title":{"rendered":"Infusion Pomme-cannelle"},"content":{"rendered":"<h2>Saveur<\/h2>\n<p>Pomme-cannelle<\/p>\n<h2>Ingr\u00e9dients<\/h2>\n<p>Pomme (44%), hibiscus, cynorrhodon, raisin (raisin, huile v\u00e9g\u00e9tale), morceaux de cannelle (5%), b\u00e2tons de cannelle (4%), AMANDE, ar\u00f4me naturel.<\/p>\n<h2>Pr\u00e9paration<\/h2>\n<p>Dosage : 15-20g\/L<\/p>\n<p>Dur\u00e9e infusion : 10-12min.<\/p>\n<p>Temp\u00e9rature de l&#8217;eau : 100\u00b0C<\/p>\n","protected":false},"excerpt":{"rendered":"<p>Saveur Pomme-cannelle Ingr\u00e9dients Pomme (44%), hibiscus, cynorrhodon, raisin (raisin, huile v\u00e9g\u00e9tale), morceaux de cannelle (5%), b\u00e2tons de cannelle (4%), AMANDE, ar\u00f4me naturel. Pr\u00e9paration Dosage : 15-20g\/L Dur\u00e9e infusion : 10-12min. Temp\u00e9rature de l&#8217;eau : 100\u00b0C<\/p>\n","protected":false},"featured_media":977,"template":"","meta":{"spay_email":""},"product_cat":[34],"product_tag":[],"_links":{"self":[{"href":"https:\/\/www.cafesetthes.be\/WP\/wp-json\/wp\/v2\/product\/876"}],"collection":[{"href":"https:\/\/www.cafesetthes.be\/WP\/wp-json\/wp\/v2\/product"}],"about":[{"href":"https:\/\/www.cafesetthes.be\/WP\/wp-json\/wp\/v2\/types\/product"}],"wp:featuredmedia":[{"embeddable":true,"href":"https:\/\/www.cafesetthes.be\/WP\/wp-json\/wp\/v2\/media\/977"}],"wp:attachment":[{"href":"https:\/\/www.cafesetthes.be\/WP\/wp-json\/wp\/v2\/media?parent=876"}],"wp:term":[{"taxonomy":"product_cat","embeddable":true,"href":"https:\/\/www.cafesetthes.be\/WP\/wp-json\/wp\/v2\/product_cat?post=876"},{"taxonomy":"product_tag","embeddable":true,"href":"https:\/\/www.cafesetthes.be\/WP\/wp-json\/wp\/v2\/product_tag?post=876"}],"curies":[{"name":"wp","href":"https:\/\/api.w.org\/{rel}","templated":true}]}}