{"id":885,"date":"2022-04-09T11:19:55","date_gmt":"2022-04-09T09:19:55","guid":{"rendered":"https:\/\/www.cafesetthes.be\/WP\/?post_type=product&#038;p=885"},"modified":"2026-02-17T15:46:23","modified_gmt":"2026-02-17T14:46:23","slug":"infusion-mon-cheri","status":"publish","type":"product","link":"https:\/\/www.cafesetthes.be\/WP\/product\/infusion-mon-cheri\/","title":{"rendered":"Infusion &#8220;Mon ch\u00e9ri&#8221;"},"content":{"rendered":"<h2>Saveur<\/h2>\n<p>Cerise-amaretto<\/p>\n<h2>Ingr\u00e9dients<\/h2>\n<p>Pomme, hibiscus, cynorrhodon, raisin (raisin, huile v\u00e9g\u00e9tale), ar\u00f4me, cerise (2%)<\/p>\n<h2>Pr\u00e9paration<\/h2>\n<p>Dosage : 15-20g\/L<\/p>\n<p>Dur\u00e9e infusion : 10-12min.<\/p>\n<p>Temp\u00e9rature de l&#8217;eau : 100\u00b0C<\/p>\n","protected":false},"excerpt":{"rendered":"<p>Saveur Cerise-amaretto Ingr\u00e9dients Pomme, hibiscus, cynorrhodon, raisin (raisin, huile v\u00e9g\u00e9tale), ar\u00f4me, cerise (2%) Pr\u00e9paration Dosage : 15-20g\/L Dur\u00e9e infusion : 10-12min. Temp\u00e9rature de l&#8217;eau : 100\u00b0C<\/p>\n","protected":false},"featured_media":974,"template":"","meta":{"spay_email":""},"product_cat":[34],"product_tag":[],"_links":{"self":[{"href":"https:\/\/www.cafesetthes.be\/WP\/wp-json\/wp\/v2\/product\/885"}],"collection":[{"href":"https:\/\/www.cafesetthes.be\/WP\/wp-json\/wp\/v2\/product"}],"about":[{"href":"https:\/\/www.cafesetthes.be\/WP\/wp-json\/wp\/v2\/types\/product"}],"wp:featuredmedia":[{"embeddable":true,"href":"https:\/\/www.cafesetthes.be\/WP\/wp-json\/wp\/v2\/media\/974"}],"wp:attachment":[{"href":"https:\/\/www.cafesetthes.be\/WP\/wp-json\/wp\/v2\/media?parent=885"}],"wp:term":[{"taxonomy":"product_cat","embeddable":true,"href":"https:\/\/www.cafesetthes.be\/WP\/wp-json\/wp\/v2\/product_cat?post=885"},{"taxonomy":"product_tag","embeddable":true,"href":"https:\/\/www.cafesetthes.be\/WP\/wp-json\/wp\/v2\/product_tag?post=885"}],"curies":[{"name":"wp","href":"https:\/\/api.w.org\/{rel}","templated":true}]}}